{"id":108,"date":"2021-02-17T14:05:04","date_gmt":"2021-02-17T13:05:04","guid":{"rendered":"http:\/\/particuliers.citemomes.fr\/?page_id=108"},"modified":"2025-08-28T11:21:55","modified_gmt":"2025-08-28T09:21:55","slug":"les-newsletters","status":"publish","type":"page","link":"https:\/\/particuliers.citemomes.fr\/index.php\/les-newsletters\/","title":{"rendered":"Les newsletters"},"content":{"rendered":"\t\t<div data-elementor-type=\"wp-page\" data-elementor-id=\"108\" class=\"elementor elementor-108\">\n\t\t\t\t\t\t<section class=\"elementor-section elementor-top-section elementor-element elementor-element-63a9a3e4 elementor-hidden-tablet elementor-hidden-phone elementor-section-boxed elementor-section-height-default elementor-section-height-default\" data-id=\"63a9a3e4\" data-element_type=\"section\">\n\t\t\t\t\t\t<div class=\"elementor-container elementor-column-gap-default\">\n\t\t\t\t\t<div class=\"elementor-column elementor-col-100 elementor-top-column elementor-element elementor-element-698909a4\" data-id=\"698909a4\" data-element_type=\"column\">\n\t\t\t<div class=\"elementor-widget-wrap elementor-element-populated\">\n\t\t\t\t\t\t<div class=\"elementor-element elementor-element-33b77d70 elementor-widget elementor-widget-text-editor\" data-id=\"33b77d70\" data-element_type=\"widget\" data-widget_type=\"text-editor.default\">\n\t\t\t\t<div class=\"elementor-widget-container\">\n\t\t\t\t\t\t\t<p style=\"text-align: center;\"><strong><span style=\"color: #000000;\">Inscrivez-vous \u00e0 la newsletter de Cit\u00e9m\u00f4mes ! <img decoding=\"async\" draggable=\"false\" role=\"img\" class=\"emoji\" alt=\"\ud83d\udc8c\" src=\"https:\/\/s.w.org\/images\/core\/emoji\/14.0.0\/svg\/1f48c.svg\"><\/span><\/strong><\/p>\n<p style=\"text-align: center;\"><strong><span style=\"color: #000000;\"><br><\/span><\/strong><\/p>\n<p><\/p>\n<p style=\"text-align: center;\"><span style=\"color: #000000;\">Recevez la, une fois par mois avec nos actus, <\/span><span style=\"font-size: 17px; letter-spacing: 0.3px; color: #000000;\">des&nbsp;<\/span><span style=\"font-size: 17px; letter-spacing: 0.3px; color: #000000;\">id\u00e9es de sorties, de lecture, des recettes, des tutoriels&#8230;&nbsp;<\/span><\/p>\n<p style=\"text-align: center;\"><span style=\"font-size: 17px; letter-spacing: 0.3px; color: #000000;\">Et plein d&#8217;autres&nbsp; surprises !<\/span><span style=\"font-size: 17px; letter-spacing: 0.3px; color: #000000;\">&nbsp;<\/span><\/p>\n<p style=\"text-align: center;\"><span style=\"font-size: 17px; letter-spacing: 0.3px; color: #000000;\"><br><\/span><\/p>\n<p><\/p>\n<p style=\"text-align: center;\"><strong><span style=\"color: #000000; font-size: 17px; letter-spacing: 0.3px;\"><img decoding=\"async\" draggable=\"false\" role=\"img\" class=\"emoji\" alt=\"\ud83d\udc49\" src=\"https:\/\/s.w.org\/images\/core\/emoji\/14.0.0\/svg\/1f449.svg\"> Pour vous inscrire, fa\u00eetes-en la demande par mail<a href=\"http:\/\/particuliers.citemomes.fr\/index.php\/contact\/\">&nbsp;<\/a><\/span><span style=\"color: #000000; font-size: 17px; letter-spacing: 0.3px;\">!<\/span><\/strong><span style=\"font-size: 17px; letter-spacing: 0.3px; color: #000000;\"><br><\/span><\/p>\n<p style=\"text-align: center;\"><span style=\"color: #000000; font-size: 17px; letter-spacing: 0.3px;\">&nbsp;\u00e0 associationcitemomes@gmail.com<\/span><\/p>\t\t\t\t\t\t<\/div>\n\t\t\t\t<\/div>\n\t\t\t\t\t<\/div>\n\t\t<\/div>\n\t\t\t\t\t<\/div>\n\t\t<\/section>\n\t\t\t\t<section class=\"elementor-section elementor-top-section elementor-element elementor-element-51282a2 elementor-section-boxed elementor-section-height-default elementor-section-height-default\" data-id=\"51282a2\" data-element_type=\"section\">\n\t\t\t\t\t\t<div class=\"elementor-container elementor-column-gap-default\">\n\t\t\t\t\t<div class=\"elementor-column elementor-col-100 elementor-top-column elementor-element elementor-element-8c086ee\" data-id=\"8c086ee\" data-element_type=\"column\">\n\t\t\t<div class=\"elementor-widget-wrap elementor-element-populated\">\n\t\t\t\t\t\t<div class=\"elementor-element elementor-element-11f2359 elementor-widget elementor-widget-text-editor\" data-id=\"11f2359\" data-element_type=\"widget\" data-widget_type=\"text-editor.default\">\n\t\t\t\t<div class=\"elementor-widget-container\">\n\t\t\t\t\t\t\t<p>iiiiiii<\/p>\t\t\t\t\t\t<\/div>\n\t\t\t\t<\/div>\n\t\t\t\t\t<\/div>\n\t\t<\/div>\n\t\t\t\t\t<\/div>\n\t\t<\/section>\n\t\t\t\t<\/div>\n\t\t","protected":false},"excerpt":{"rendered":"<p>Inscrivez-vous \u00e0 la newsletter de Cit\u00e9m\u00f4mes ! Recevez la, une fois par mois avec nos actus, des&nbsp;id\u00e9es de sorties, de lecture, des recettes, des tutoriels&#8230;&nbsp; Et plein d&#8217;autres&nbsp; surprises !&nbsp; Pour vous inscrire, fa\u00eetes-en la demande par mail&nbsp;! &nbsp;\u00e0 associationcitemomes@gmail.com iiiiiii<\/p>\n","protected":false},"author":1,"featured_media":0,"parent":0,"menu_order":0,"comment_status":"closed","ping_status":"closed","template":"elementor_header_footer","meta":[],"yoast_head":"<!-- This site is optimized with the Yoast SEO plugin v20.0 - https:\/\/yoast.com\/wordpress\/plugins\/seo\/ -->\n<title>Cit\u00e9m\u00f4mes - Les newsletters<\/title>\n<meta name=\"description\" content=\"Inscrivez-vous \u00e0 la newsletter de Cit\u00e9m\u00f4mes et recevez chaque semaine un petit mail par semaine avec nos actus, mais aussi des id\u00e9es de sorties, de lecture, des recettes, des tutoriels\u2026\" \/>\n<meta name=\"robots\" content=\"index, follow, max-snippet:-1, max-image-preview:large, max-video-preview:-1\" \/>\n<link rel=\"canonical\" href=\"https:\/\/particuliers.citemomes.fr\/index.php\/les-newsletters\/\" \/>\n<meta property=\"og:locale\" content=\"fr_FR\" \/>\n<meta property=\"og:type\" content=\"article\" \/>\n<meta property=\"og:title\" content=\"Cit\u00e9m\u00f4mes - Les newsletters\" \/>\n<meta property=\"og:description\" content=\"Inscrivez-vous \u00e0 la newsletter de Cit\u00e9m\u00f4mes et recevez chaque semaine un petit mail par semaine avec nos actus, mais aussi des id\u00e9es de sorties, de lecture, des recettes, des tutoriels\u2026\" \/>\n<meta property=\"og:url\" content=\"https:\/\/particuliers.citemomes.fr\/index.php\/les-newsletters\/\" \/>\n<meta property=\"article:modified_time\" content=\"2025-08-28T09:21:55+00:00\" \/>\n<meta property=\"og:image\" content=\"https:\/\/s.w.org\/images\/core\/emoji\/14.0.0\/svg\/1f48c.svg\" \/>\n<meta name=\"twitter:card\" content=\"summary_large_image\" \/>\n<meta name=\"twitter:label1\" content=\"Dur\u00e9e de lecture estim\u00e9e\" \/>\n\t<meta name=\"twitter:data1\" content=\"1 minute\" \/>\n<script type=\"application\/ld+json\" class=\"yoast-schema-graph\">{\"@context\":\"https:\/\/schema.org\",\"@graph\":[{\"@type\":\"WebPage\",\"@id\":\"https:\/\/particuliers.citemomes.fr\/index.php\/les-newsletters\/\",\"url\":\"https:\/\/particuliers.citemomes.fr\/index.php\/les-newsletters\/\",\"name\":\"Cit\u00e9m\u00f4mes - Les newsletters\",\"isPartOf\":{\"@id\":\"http:\/\/particuliers.citemomes.fr\/#website\"},\"datePublished\":\"2021-02-17T13:05:04+00:00\",\"dateModified\":\"2025-08-28T09:21:55+00:00\",\"description\":\"Inscrivez-vous \u00e0 la newsletter de Cit\u00e9m\u00f4mes et recevez chaque semaine un petit mail par semaine avec nos actus, mais aussi des id\u00e9es de sorties, de lecture, des recettes, des tutoriels\u2026\",\"breadcrumb\":{\"@id\":\"https:\/\/particuliers.citemomes.fr\/index.php\/les-newsletters\/#breadcrumb\"},\"inLanguage\":\"fr-FR\",\"potentialAction\":[{\"@type\":\"ReadAction\",\"target\":[\"https:\/\/particuliers.citemomes.fr\/index.php\/les-newsletters\/\"]}]},{\"@type\":\"BreadcrumbList\",\"@id\":\"https:\/\/particuliers.citemomes.fr\/index.php\/les-newsletters\/#breadcrumb\",\"itemListElement\":[{\"@type\":\"ListItem\",\"position\":1,\"name\":\"Accueil\",\"item\":\"https:\/\/particuliers.citemomes.fr\/\"},{\"@type\":\"ListItem\",\"position\":2,\"name\":\"Les newsletters\"}]},{\"@type\":\"WebSite\",\"@id\":\"http:\/\/particuliers.citemomes.fr\/#website\",\"url\":\"http:\/\/particuliers.citemomes.fr\/\",\"name\":\"\",\"description\":\"D\u00e9couvrir, cr\u00e9er, r\u00eaver !\",\"potentialAction\":[{\"@type\":\"SearchAction\",\"target\":{\"@type\":\"EntryPoint\",\"urlTemplate\":\"http:\/\/particuliers.citemomes.fr\/?s={search_term_string}\"},\"query-input\":\"required name=search_term_string\"}],\"inLanguage\":\"fr-FR\"}]}<\/script>\n<!-- \/ Yoast SEO plugin. -->","yoast_head_json":{"title":"Cit\u00e9m\u00f4mes - Les newsletters","description":"Inscrivez-vous \u00e0 la newsletter de Cit\u00e9m\u00f4mes et recevez chaque semaine un petit mail par semaine avec nos actus, mais aussi des id\u00e9es de sorties, de lecture, des recettes, des tutoriels\u2026","robots":{"index":"index","follow":"follow","max-snippet":"max-snippet:-1","max-image-preview":"max-image-preview:large","max-video-preview":"max-video-preview:-1"},"canonical":"https:\/\/particuliers.citemomes.fr\/index.php\/les-newsletters\/","og_locale":"fr_FR","og_type":"article","og_title":"Cit\u00e9m\u00f4mes - Les newsletters","og_description":"Inscrivez-vous \u00e0 la newsletter de Cit\u00e9m\u00f4mes et recevez chaque semaine un petit mail par semaine avec nos actus, mais aussi des id\u00e9es de sorties, de lecture, des recettes, des tutoriels\u2026","og_url":"https:\/\/particuliers.citemomes.fr\/index.php\/les-newsletters\/","article_modified_time":"2025-08-28T09:21:55+00:00","og_image":[{"url":"https:\/\/s.w.org\/images\/core\/emoji\/14.0.0\/svg\/1f48c.svg"}],"twitter_card":"summary_large_image","twitter_misc":{"Dur\u00e9e de lecture estim\u00e9e":"1 minute"},"schema":{"@context":"https:\/\/schema.org","@graph":[{"@type":"WebPage","@id":"https:\/\/particuliers.citemomes.fr\/index.php\/les-newsletters\/","url":"https:\/\/particuliers.citemomes.fr\/index.php\/les-newsletters\/","name":"Cit\u00e9m\u00f4mes - Les newsletters","isPartOf":{"@id":"http:\/\/particuliers.citemomes.fr\/#website"},"datePublished":"2021-02-17T13:05:04+00:00","dateModified":"2025-08-28T09:21:55+00:00","description":"Inscrivez-vous \u00e0 la newsletter de Cit\u00e9m\u00f4mes et recevez chaque semaine un petit mail par semaine avec nos actus, mais aussi des id\u00e9es de sorties, de lecture, des recettes, des tutoriels\u2026","breadcrumb":{"@id":"https:\/\/particuliers.citemomes.fr\/index.php\/les-newsletters\/#breadcrumb"},"inLanguage":"fr-FR","potentialAction":[{"@type":"ReadAction","target":["https:\/\/particuliers.citemomes.fr\/index.php\/les-newsletters\/"]}]},{"@type":"BreadcrumbList","@id":"https:\/\/particuliers.citemomes.fr\/index.php\/les-newsletters\/#breadcrumb","itemListElement":[{"@type":"ListItem","position":1,"name":"Accueil","item":"https:\/\/particuliers.citemomes.fr\/"},{"@type":"ListItem","position":2,"name":"Les newsletters"}]},{"@type":"WebSite","@id":"http:\/\/particuliers.citemomes.fr\/#website","url":"http:\/\/particuliers.citemomes.fr\/","name":"","description":"D\u00e9couvrir, cr\u00e9er, r\u00eaver !","potentialAction":[{"@type":"SearchAction","target":{"@type":"EntryPoint","urlTemplate":"http:\/\/particuliers.citemomes.fr\/?s={search_term_string}"},"query-input":"required name=search_term_string"}],"inLanguage":"fr-FR"}]}},"_links":{"self":[{"href":"https:\/\/particuliers.citemomes.fr\/index.php\/wp-json\/wp\/v2\/pages\/108"}],"collection":[{"href":"https:\/\/particuliers.citemomes.fr\/index.php\/wp-json\/wp\/v2\/pages"}],"about":[{"href":"https:\/\/particuliers.citemomes.fr\/index.php\/wp-json\/wp\/v2\/types\/page"}],"author":[{"embeddable":true,"href":"https:\/\/particuliers.citemomes.fr\/index.php\/wp-json\/wp\/v2\/users\/1"}],"replies":[{"embeddable":true,"href":"https:\/\/particuliers.citemomes.fr\/index.php\/wp-json\/wp\/v2\/comments?post=108"}],"version-history":[{"count":155,"href":"https:\/\/particuliers.citemomes.fr\/index.php\/wp-json\/wp\/v2\/pages\/108\/revisions"}],"predecessor-version":[{"id":6915,"href":"https:\/\/particuliers.citemomes.fr\/index.php\/wp-json\/wp\/v2\/pages\/108\/revisions\/6915"}],"wp:attachment":[{"href":"https:\/\/particuliers.citemomes.fr\/index.php\/wp-json\/wp\/v2\/media?parent=108"}],"curies":[{"name":"wp","href":"https:\/\/api.w.org\/{rel}","templated":true}]}}