{"id":1234,"date":"2016-01-24T18:27:45","date_gmt":"2016-01-24T17:27:45","guid":{"rendered":"http:\/\/citemomes.fr\/?page_id=9"},"modified":"2025-04-09T14:39:05","modified_gmt":"2025-04-09T12:39:05","slug":"association-culturelle-rouen","status":"publish","type":"page","link":"https:\/\/particuliers.citemomes.fr\/index.php\/l-asso\/association-culturelle-rouen\/","title":{"rendered":"Qui sommes-nous ?"},"content":{"rendered":"\t\t<div data-elementor-type=\"wp-page\" data-elementor-id=\"1234\" class=\"elementor elementor-1234\">\n\t\t\t\t\t\t<section class=\"elementor-section elementor-top-section elementor-element elementor-element-3be86677 elementor-section-boxed elementor-section-height-default elementor-section-height-default\" data-id=\"3be86677\" data-element_type=\"section\">\n\t\t\t\t\t\t<div class=\"elementor-container elementor-column-gap-default\">\n\t\t\t\t\t<div class=\"elementor-column elementor-col-100 elementor-top-column elementor-element elementor-element-348ba11a\" data-id=\"348ba11a\" data-element_type=\"column\">\n\t\t\t<div class=\"elementor-widget-wrap elementor-element-populated\">\n\t\t\t\t\t\t<div class=\"elementor-element elementor-element-7af40c6e elementor-hidden-desktop elementor-widget elementor-widget-text-editor\" data-id=\"7af40c6e\" data-element_type=\"widget\" data-widget_type=\"text-editor.default\">\n\t\t\t\t<div class=\"elementor-widget-container\">\n\t\t\t\t\t\t\t<p style=\"text-align: center;\"><span style=\"color: #000000;\">L&#8217;association\u00a0intervient <span style=\"color: #008080;\"><strong>localement<\/strong><\/span> en premier lieu avec son espace \u00e0 Rouen, <br \/><\/span><\/p><p style=\"text-align: center;\"><span style=\"color: #000000;\">v\u00e9ritable lieu de vie avec sa <span style=\"color: #008080;\"><strong>galerie d\u2019exposition<\/strong><\/span>, ses<span style=\"color: #008080;\"><strong> ateliers pour enfants<\/strong><\/span> et son <span style=\"color: #008080;\"><strong>bureau<\/strong><\/span>. <\/span><\/p><p style=\"text-align: center;\"><strong><span style=\"color: #000000;\">Un vrai laboratoire pour tester et faire r\u00eaver\u00a0! <\/span><\/strong><\/p><p style=\"text-align: center;\"><span style=\"color: #000000;\">Elle intervient \u00e9galement\u00a0au <span style=\"color: #008080;\"><strong>niveau national<\/strong><\/span>, avec des projets de conception d\u2019outils p\u00e9dagogiques et de formations en m\u00e9diation culturelle dans des mus\u00e9es et espaces naturels <span style=\"color: #008080;\"><strong>partout en\u00a0France<\/strong><\/span>.<\/span><\/p><p style=\"text-align: center;\"><span style=\"color: #ffffff;\">\u00a0<\/span><\/p><p style=\"text-align: center;\"><img fetchpriority=\"high\" decoding=\"async\" class=\"wp-image-246 aligncenter\" src=\"http:\/\/citemomes.fr\/wp-content\/uploads\/2016\/01\/P1150835.jpg\" alt=\"atelier, activit\u00e9, enfant, cr\u00e9atif, culturel, Rouen, Cit\u00e9m\u00f4mes, ludique, galerie, exposition, association,\" width=\"698\" height=\"618\" \/><\/p><p style=\"text-align: center;\"><strong><span style=\"color: #008080;\"><span style=\"text-decoration: underline;\">\u00a0<\/span><\/span><\/strong><\/p><p style=\"text-align: left;\"><strong><span style=\"color: #008080;\"><span style=\"text-decoration: underline;\">Les valeurs de Cit\u00e9m\u00f4mes en 3 mots<\/span> :\u00a0<\/span><\/strong><br \/><span style=\"color: #000000;\"><b>\u2022 \u00a0 D\u00e9couvrir<\/b>\u00a0: s&#8217;int\u00e9resser au monde qui nous entoure, aux cultures, aux patrimoines, aux diff\u00e9rences. Apprendre et avoir les cl\u00e9s pour s&#8217;approprier de nouvelles connaissances.<\/span><br \/><span style=\"color: #000000;\"> <b>\u2022 \u00a0 Cr\u00e9er<\/b>\u00a0: s&#8217;investir, devenir acteur, participer \u00e0 un processus cr\u00e9atif. D\u00e9velopper son imagination pour \u00e9laborer ses propres outils.<\/span><br \/><span style=\"color: #000000;\"> <b>\u2022 \u00a0 R\u00eaver<\/b>\u00a0: Imaginer la suite et les possibles pour donner envie de continuer, d&#8217;\u00eatre curieux, d&#8217;approfondir, d&#8217;en savoir (toujours) plus&#8230;<\/span><\/p><p style=\"text-align: center;\"><span style=\"color: #000000;\">\u00a0<\/span><\/p><p style=\"text-align: center;\"><span style=\"color: #000000;\">Au final, beaucoup de <span style=\"color: #008080;\"><strong>sourires<\/strong><\/span>, de la <span style=\"color: #008080;\"><strong>couleur<\/strong><\/span>, de l\u2019<span style=\"color: #008080;\"><strong>\u00e9change<\/strong><\/span> et du <span style=\"color: #008080;\"><strong>partage<\/strong><\/span> : tels sont les ingr\u00e9dients qui composent la recette\u00a0<em><strong>Cit\u00e9m\u00f4mes <\/strong><\/em>!<\/span><\/p><p style=\"text-align: center;\"><span style=\"color: #000000;\">\u00a0<\/span><\/p><p style=\"text-align: left;\"><strong><span style=\"color: #008080;\"><span style=\"text-decoration: underline;\">La d\u00e9marche<\/span> :<\/span><\/strong><\/p><p style=\"text-align: left;\"><span style=\"color: #000000;\">\u2022<strong> \u00a0 Valoriser<\/strong> la cr\u00e9ativit\u00e9 de chacun gr\u00e2ce \u00e0 des ateliers propos\u00e9s en interne et en externe.<\/span><br \/><span style=\"color: #000000;\"> \u2022<strong> \u00a0 Faire d\u00e9couvrir<\/strong> le monde aux petits et grands enfants afin qu\u2019ils y trouvent leur place, leur r\u00f4le\u2026<\/span><br \/><span style=\"color: #000000;\"> \u2022 \u00a0 Travailler en collaboration avec des cr\u00e9ateurs locaux afin d\u2019<strong>offrir de nouveaux regards<\/strong> et les rendre visibles.<\/span><br \/><span style=\"color: #000000;\"> \u2022<strong> \u00a0 Faciliter<\/strong> les \u00e9changes et le partage entre cr\u00e9ateurs et amateurs, dans une ambiance conviviale.<\/span><\/p><p style=\"text-align: center;\"><span style=\"color: #000000;\">\u00a0<\/span><\/p><p style=\"text-align: left;\"><span style=\"color: #008080;\"><strong><span style=\"text-decoration: underline;\">Les actions<\/span> :<\/strong><\/span><br \/><span style=\"color: #000000;\">\u2022 \u00a0 De nombreux projets \u00e0 destination des <strong>jeunes publics\u00a0<\/strong>: expositions, outils p\u00e9dagogiques, ateliers, projets sur-mesure pour les \u00e9coles et les structures \u00e9ducatives (MuMa du Havre, la Dune du Pilat, mus\u00e9e de l\u2019Horlogerie de Saint Nicolas d\u2019Aliermont, Mus\u00e9e du Quai Branly, le Centre d\u2019Art contemporain de la Matmut, le Puy de D\u00f4me, le jardin d\u2019acclimatation \u00e0 Paris, etc.),<\/span><br \/><span style=\"color: #000000;\"> \u2022 \u00a0 L\u2019initiative \u00ab <\/span><span style=\"color: #008080;\"><strong><span style=\"text-decoration: underline;\"><a style=\"text-decoration: underline; color: #008080;\" href=\"citemomes.fr\/tricot\/tricote-un-sourire\/\">Tricote un sourire<\/a><\/span><\/strong><\/span><span style=\"color: #000000;\">\u00a0\u00bb, ses tableaux de Monet g\u00e9ant en carr\u00e9s de tricot et\u00a0ses actions de yarn bombing qui chaque jour colorent\u00a0un peu plus la France&#8230; Voire le monde !<\/span><span style=\"color: #000000;\">\u00a0<\/span><\/p><p style=\"text-align: left;\"><span style=\"color: #000000;\">\u2022\u00a0\u00a0 Le projet photographique \u00ab <\/span><a href=\"http:\/\/citemomes.fr\/couleurs\/\"><span style=\"color: #008080;\"><strong>Impression Soleil Couleurs<\/strong><\/span><\/a><span style=\"color: #000000;\">\u00a0\u00bb et ses d\u00e9fis et marathons photos multicolors&#8230;<\/span><\/p><p>\u00a0<\/p><p style=\"text-align: center;\"><span style=\"color: #008080;\"><strong><i style=\"color: #000000;\">&#8230; Et\u00a0bon nombre<\/i><span style=\"caret-color: #000000; color: #000000;\"><i>\u00a0d&#8217;autres<\/i><\/span><i style=\"color: #000000;\"><span style=\"color: #000000;\">\u00a0<\/span>projets qui ne cessent de voir le jour chaque ann\u00e9e !<\/i><\/strong><\/span><\/p><p style=\"text-align: center;\"><span style=\"color: #008080;\"><strong><i style=\"color: #000000;\">\u00a0<\/i><\/strong><\/span><\/p><p style=\"text-align: center;\"><i style=\"color: #000000;\"> \u00c0 la crois\u00e9e de multiples chemins, avec de la po\u00e9sie une touche de\u00a0magie, <\/i><strong style=\"color: #000000; font-style: italic;\">Cit\u00e9m\u00f4mes<\/strong><i style=\"color: #000000;\">\u00a0essaie de trouver la bonne formule\u00a0pour cr\u00e9er et faire vivre des projets citoyens o\u00f9 chacun peut trouver sa place.<\/i><\/p><p style=\"text-align: center;\"><span style=\"color: #ffffff;\">\u00a0<\/span><\/p><p style=\"text-align: center;\"><span style=\"color: #008080;\"><em><strong>\u00a0<\/strong><\/em><\/span><\/p><p style=\"text-align: center;\">\u00a0<\/p>\t\t\t\t\t\t<\/div>\n\t\t\t\t<\/div>\n\t\t\t\t\t<\/div>\n\t\t<\/div>\n\t\t\t\t\t<\/div>\n\t\t<\/section>\n\t\t\t\t<section class=\"elementor-section elementor-top-section elementor-element elementor-element-529d736 elementor-hidden-tablet elementor-hidden-phone elementor-section-boxed elementor-section-height-default elementor-section-height-default\" data-id=\"529d736\" data-element_type=\"section\">\n\t\t\t\t\t\t<div class=\"elementor-container elementor-column-gap-default\">\n\t\t\t\t\t<div class=\"elementor-column elementor-col-100 elementor-top-column elementor-element elementor-element-534f21f\" data-id=\"534f21f\" data-element_type=\"column\">\n\t\t\t<div class=\"elementor-widget-wrap elementor-element-populated\">\n\t\t\t\t\t\t<div class=\"elementor-element elementor-element-e8830ea elementor-widget elementor-widget-text-editor\" data-id=\"e8830ea\" data-element_type=\"widget\" data-widget_type=\"text-editor.default\">\n\t\t\t\t<div class=\"elementor-widget-container\">\n\t\t\t\t\t\t\t<p style=\"text-align: center;\"><strong><span style=\"font-size: 17px; color: #008787;\"><em style=\"font-size: 17px;\">Cit\u00e9m\u00f4mes<\/em><\/span><span style=\"color: #000000; font-size: 17px;\">\u00a0est une association culturelle rouennaise cr\u00e9\u00e9e en 2007.<\/span><\/strong><span style=\"color: #000000;\"><br \/><\/span><\/p><p style=\"text-align: center;\"><span style=\"color: #000000;\">Elle intervient <span style=\"color: #008080;\"><strong>localement<\/strong><\/span> en premier lieu avec son espace \u00e0 Rouen, <\/span><span style=\"color: #000000;\">v\u00e9ritable lieu de vie avec sa <span style=\"color: #008080;\"><strong>galerie d\u2019exposition<\/strong><\/span>, ses<span style=\"color: #008080;\"><strong> ateliers pour enfants<\/strong><\/span> et son <span style=\"color: #008080;\"><strong>bureau<\/strong><\/span>. <\/span><\/p><p style=\"text-align: center;\"><strong><span style=\"color: #000000;\">Un vrai laboratoire pour tester et faire r\u00eaver\u00a0! <\/span><\/strong><\/p><p style=\"text-align: center;\"><span style=\"color: #000000;\">Elle intervient \u00e9galement\u00a0au <span style=\"color: #008080;\"><strong>niveau national<\/strong><\/span>, avec des projets de conception d\u2019outils p\u00e9dagogiques et de formations en m\u00e9diation culturelle dans des mus\u00e9es et espaces naturels <span style=\"color: #008080;\"><strong>partout en\u00a0France<\/strong><\/span>.<\/span><\/p><p style=\"text-align: center;\"><span style=\"color: #ffffff;\">\u00a0<\/span><\/p><p style=\"text-align: center;\"><img decoding=\"async\" src=\"http:\/\/citemomes.fr\/wp-content\/uploads\/2016\/01\/P1150835.jpg\" alt=\"atelier, activit\u00e9, enfant, cr\u00e9atif, culturel, Rouen, Cit\u00e9m\u00f4mes, ludique, galerie, exposition, association,\" width=\"698\" height=\"618\" \/><\/p><p style=\"text-align: center;\"><strong><span style=\"color: #008080;\"><span style=\"text-decoration: underline;\">\u00a0<\/span><\/span><\/strong><\/p><p style=\"text-align: left;\"><strong><span style=\"color: #008080;\"><span style=\"text-decoration: underline;\">Les valeurs de Cit\u00e9m\u00f4mes en 3 mots<\/span> :\u00a0<\/span><\/strong><br \/><span style=\"color: #000000;\"><b>\u2022 \u00a0 D\u00e9couvrir<\/b>\u00a0: s&#8217;int\u00e9resser au monde qui nous entoure, aux cultures, aux patrimoines, aux diff\u00e9rences. Apprendre et avoir les cl\u00e9s pour s&#8217;approprier de nouvelles connaissances.<\/span><br \/><span style=\"color: #000000;\"> <b>\u2022 \u00a0 Cr\u00e9er<\/b>\u00a0: s&#8217;investir, devenir acteur, participer \u00e0 un processus cr\u00e9atif. D\u00e9velopper son imagination pour \u00e9laborer ses propres outils.<\/span><br \/><span style=\"color: #000000;\"> <b>\u2022 \u00a0 R\u00eaver<\/b>\u00a0: Imaginer la suite et les possibles pour donner envie de continuer, d&#8217;\u00eatre curieux, d&#8217;approfondir, d&#8217;en savoir (toujours) plus&#8230;<\/span><\/p><p style=\"text-align: center;\"><span style=\"color: #000000;\">\u00a0<\/span><\/p><p style=\"text-align: center;\"><span style=\"color: #000000;\">Au final, beaucoup de <span style=\"color: #008080;\"><strong>sourires<\/strong><\/span>, de la <span style=\"color: #008080;\"><strong>couleur<\/strong><\/span>, de l\u2019<span style=\"color: #008080;\"><strong>\u00e9change<\/strong><\/span> et du <span style=\"color: #008080;\"><strong>partage<\/strong><\/span> : tels sont les ingr\u00e9dients qui composent la recette\u00a0<em><strong>Cit\u00e9m\u00f4mes <\/strong><\/em>!<\/span><\/p><p style=\"text-align: center;\"><span style=\"color: #000000;\">\u00a0<\/span><\/p><p style=\"text-align: left;\"><strong><span style=\"color: #008080;\"><span style=\"text-decoration: underline;\">La d\u00e9marche<\/span> :<\/span><\/strong><\/p><p style=\"text-align: left;\"><span style=\"color: #000000;\">\u2022<strong> \u00a0 Valoriser<\/strong> la cr\u00e9ativit\u00e9 de chacun gr\u00e2ce \u00e0 des ateliers propos\u00e9s en interne et en externe.<\/span><br \/><span style=\"color: #000000;\"> \u2022<strong> \u00a0 Faire d\u00e9couvrir<\/strong> le monde aux petits et grands enfants afin qu\u2019ils y trouvent leur place, leur r\u00f4le\u2026<\/span><br \/><span style=\"color: #000000;\"> \u2022 \u00a0 Travailler en collaboration avec des cr\u00e9ateurs locaux afin d\u2019<strong>offrir de nouveaux regards<\/strong> et les rendre visibles.<\/span><br \/><span style=\"color: #000000;\"> \u2022<strong> \u00a0 Faciliter<\/strong> les \u00e9changes et le partage entre cr\u00e9ateurs et amateurs, dans une ambiance conviviale.<\/span><\/p><p style=\"text-align: center;\"><span style=\"color: #000000;\">\u00a0<\/span><\/p><p style=\"text-align: left;\"><span style=\"color: #008080;\"><strong><span style=\"text-decoration: underline;\">Les actions<\/span> :<\/strong><\/span><br \/><span style=\"color: #000000;\">\u2022 \u00a0 De nombreux projets \u00e0 destination des <strong>jeunes publics\u00a0<\/strong>: expositions, outils p\u00e9dagogiques, ateliers, projets sur-mesure pour les \u00e9coles et les structures \u00e9ducatives (MuMa du Havre, la Dune du Pilat, mus\u00e9e de l\u2019Horlogerie de Saint Nicolas d\u2019Aliermont, Mus\u00e9e du Quai Branly, le Centre d\u2019Art contemporain de la Matmut, le Puy de D\u00f4me, le jardin d\u2019acclimatation \u00e0 Paris, etc.),<\/span><br \/><span style=\"color: #000000;\"> \u2022 \u00a0 L\u2019initiative \u00ab <\/span><span style=\"color: #008080;\"><strong><span style=\"text-decoration: underline;\"><a style=\"text-decoration: underline; color: #008080;\" href=\"citemomes.fr\/tricot\/tricote-un-sourire\/\">Tricote un sourire<\/a><\/span><\/strong><\/span><span style=\"color: #000000;\">\u00a0\u00bb, ses tableaux de Monet g\u00e9ant en carr\u00e9s de tricot et\u00a0ses actions de yarn bombing qui chaque jour colorent\u00a0un peu plus la France&#8230; Voire le monde !<\/span><span style=\"color: #000000;\">\u00a0<\/span><\/p><p style=\"text-align: left;\"><span style=\"color: #000000;\">\u00a0<\/span><\/p><p style=\"text-align: center;\"><span style=\"color: #008080;\"><strong><i style=\"color: #000000;\">&#8230; Et\u00a0bon nombre<\/i><span style=\"caret-color: #000000; color: #000000;\"><i>\u00a0d&#8217;autres<\/i><\/span><i style=\"color: #000000;\"><span style=\"color: #000000;\">\u00a0<\/span>projets qui ne cessent de voir le jour chaque ann\u00e9e !<\/i><\/strong><\/span><\/p><p style=\"text-align: center;\"><span style=\"color: #008080;\"><strong><i style=\"color: #000000;\">\u00a0<\/i><\/strong><\/span><\/p><p style=\"text-align: center;\"><i style=\"color: #000000;\"> \u00c0 la crois\u00e9e de multiples chemins, avec de la po\u00e9sie une touche de\u00a0magie, <\/i><strong style=\"color: #000000; font-style: italic;\">Cit\u00e9m\u00f4mes<\/strong><i style=\"color: #000000;\">\u00a0essaie de trouver la bonne formule\u00a0pour cr\u00e9er et faire vivre des projets citoyens o\u00f9 chacun peut trouver sa place.<\/i><\/p><p><strong>Fa\u00eetes connaissance avec notre \u00e9quipe juste <span style=\"text-decoration: underline;\"><a href=\"http:\/\/particuliers.citemomes.fr\/index.php\/lequipe-de-citemomes-2\/\">ici<\/a><\/span> ! <img decoding=\"async\" class=\"emoji\" role=\"img\" draggable=\"false\" src=\"https:\/\/s.w.org\/images\/core\/emoji\/14.0.0\/svg\/1f60a.svg\" alt=\"\ud83d\ude0a\" \/><\/strong><\/p><p style=\"text-align: center;\"><span style=\"color: #ffffff;\">\u00a0<\/span><\/p><p style=\"text-align: center;\"><span style=\"color: #008080;\"><em><strong>\u00a0<\/strong><\/em><\/span><\/p><p style=\"text-align: center;\">\u00a0<\/p>\t\t\t\t\t\t<\/div>\n\t\t\t\t<\/div>\n\t\t\t\t\t<\/div>\n\t\t<\/div>\n\t\t\t\t\t<\/div>\n\t\t<\/section>\n\t\t\t\t<\/div>\n\t\t","protected":false},"excerpt":{"rendered":"<p>L&#8217;association\u00a0intervient localement en premier lieu avec son espace \u00e0 Rouen, v\u00e9ritable lieu de vie avec sa galerie d\u2019exposition, ses ateliers pour enfants et son bureau. Un vrai laboratoire pour tester et faire r\u00eaver\u00a0! Elle intervient \u00e9galement\u00a0au niveau national, avec des projets de conception d\u2019outils p\u00e9dagogiques et de formations en m\u00e9diation culturelle dans des mus\u00e9es et&hellip; <a href=\"https:\/\/particuliers.citemomes.fr\/index.php\/l-asso\/association-culturelle-rouen\/\" class=\"more-link\">Lire la suite <span class=\"screen-reader-text\">Qui sommes-nous ?<\/span><\/a><\/p>\n","protected":false},"author":1,"featured_media":0,"parent":1239,"menu_order":0,"comment_status":"closed","ping_status":"closed","template":"elementor_header_footer","meta":[],"yoast_head":"<!-- This site is optimized with the Yoast SEO plugin v20.0 - https:\/\/yoast.com\/wordpress\/plugins\/seo\/ -->\n<title>Cit\u00e9m\u00f4mes- Qui sommes-nous ?<\/title>\n<meta name=\"description\" content=\"Cit\u00e9m\u00f4mes est une association culturelle rouennaise cr\u00e9\u00e9e en 2007.Elle intervient localement en premier lieu avec son espace \u00e0 Rouen, v\u00e9ritable lieu de vie avec sa galerie d\u2019exposition, ses ateliers pour enfants et son bureau. Un vrai laboratoire pour tester et faire r\u00eaver !\" \/>\n<meta name=\"robots\" content=\"index, follow, max-snippet:-1, max-image-preview:large, max-video-preview:-1\" \/>\n<link rel=\"canonical\" href=\"https:\/\/particuliers.citemomes.fr\/index.php\/l-asso\/association-culturelle-rouen\/\" \/>\n<meta property=\"og:locale\" content=\"fr_FR\" \/>\n<meta property=\"og:type\" content=\"article\" \/>\n<meta property=\"og:title\" content=\"Cit\u00e9m\u00f4mes- Qui sommes-nous ?\" \/>\n<meta property=\"og:description\" content=\"Cit\u00e9m\u00f4mes est une association culturelle rouennaise cr\u00e9\u00e9e en 2007.Elle intervient localement en premier lieu avec son espace \u00e0 Rouen, v\u00e9ritable lieu de vie avec sa galerie d\u2019exposition, ses ateliers pour enfants et son bureau. Un vrai laboratoire pour tester et faire r\u00eaver !\" \/>\n<meta property=\"og:url\" content=\"https:\/\/particuliers.citemomes.fr\/index.php\/l-asso\/association-culturelle-rouen\/\" \/>\n<meta property=\"article:modified_time\" content=\"2025-04-09T12:39:05+00:00\" \/>\n<meta property=\"og:image\" content=\"http:\/\/citemomes.fr\/wp-content\/uploads\/2016\/01\/P1150835.jpg\" \/>\n<meta name=\"twitter:card\" content=\"summary_large_image\" \/>\n<meta name=\"twitter:label1\" content=\"Dur\u00e9e de lecture estim\u00e9e\" \/>\n\t<meta name=\"twitter:data1\" content=\"5 minutes\" \/>\n<script type=\"application\/ld+json\" class=\"yoast-schema-graph\">{\"@context\":\"https:\/\/schema.org\",\"@graph\":[{\"@type\":\"WebPage\",\"@id\":\"https:\/\/particuliers.citemomes.fr\/index.php\/l-asso\/association-culturelle-rouen\/\",\"url\":\"https:\/\/particuliers.citemomes.fr\/index.php\/l-asso\/association-culturelle-rouen\/\",\"name\":\"Cit\u00e9m\u00f4mes- Qui sommes-nous ?\",\"isPartOf\":{\"@id\":\"http:\/\/particuliers.citemomes.fr\/#website\"},\"datePublished\":\"2016-01-24T17:27:45+00:00\",\"dateModified\":\"2025-04-09T12:39:05+00:00\",\"description\":\"Cit\u00e9m\u00f4mes est une association culturelle rouennaise cr\u00e9\u00e9e en 2007.Elle intervient localement en premier lieu avec son espace \u00e0 Rouen, v\u00e9ritable lieu de vie avec sa galerie d\u2019exposition, ses ateliers pour enfants et son bureau. Un vrai laboratoire pour tester et faire r\u00eaver !\",\"breadcrumb\":{\"@id\":\"https:\/\/particuliers.citemomes.fr\/index.php\/l-asso\/association-culturelle-rouen\/#breadcrumb\"},\"inLanguage\":\"fr-FR\",\"potentialAction\":[{\"@type\":\"ReadAction\",\"target\":[\"https:\/\/particuliers.citemomes.fr\/index.php\/l-asso\/association-culturelle-rouen\/\"]}]},{\"@type\":\"BreadcrumbList\",\"@id\":\"https:\/\/particuliers.citemomes.fr\/index.php\/l-asso\/association-culturelle-rouen\/#breadcrumb\",\"itemListElement\":[{\"@type\":\"ListItem\",\"position\":1,\"name\":\"Accueil\",\"item\":\"https:\/\/particuliers.citemomes.fr\/\"},{\"@type\":\"ListItem\",\"position\":2,\"name\":\"L&#8217;asso\",\"item\":\"https:\/\/particuliers.citemomes.fr\/?page_id=1239\"},{\"@type\":\"ListItem\",\"position\":3,\"name\":\"Qui sommes-nous ?\"}]},{\"@type\":\"WebSite\",\"@id\":\"http:\/\/particuliers.citemomes.fr\/#website\",\"url\":\"http:\/\/particuliers.citemomes.fr\/\",\"name\":\"\",\"description\":\"D\u00e9couvrir, cr\u00e9er, r\u00eaver !\",\"potentialAction\":[{\"@type\":\"SearchAction\",\"target\":{\"@type\":\"EntryPoint\",\"urlTemplate\":\"http:\/\/particuliers.citemomes.fr\/?s={search_term_string}\"},\"query-input\":\"required name=search_term_string\"}],\"inLanguage\":\"fr-FR\"}]}<\/script>\n<!-- \/ Yoast SEO plugin. -->","yoast_head_json":{"title":"Cit\u00e9m\u00f4mes- Qui sommes-nous ?","description":"Cit\u00e9m\u00f4mes est une association culturelle rouennaise cr\u00e9\u00e9e en 2007.Elle intervient localement en premier lieu avec son espace \u00e0 Rouen, v\u00e9ritable lieu de vie avec sa galerie d\u2019exposition, ses ateliers pour enfants et son bureau. Un vrai laboratoire pour tester et faire r\u00eaver !","robots":{"index":"index","follow":"follow","max-snippet":"max-snippet:-1","max-image-preview":"max-image-preview:large","max-video-preview":"max-video-preview:-1"},"canonical":"https:\/\/particuliers.citemomes.fr\/index.php\/l-asso\/association-culturelle-rouen\/","og_locale":"fr_FR","og_type":"article","og_title":"Cit\u00e9m\u00f4mes- Qui sommes-nous ?","og_description":"Cit\u00e9m\u00f4mes est une association culturelle rouennaise cr\u00e9\u00e9e en 2007.Elle intervient localement en premier lieu avec son espace \u00e0 Rouen, v\u00e9ritable lieu de vie avec sa galerie d\u2019exposition, ses ateliers pour enfants et son bureau. Un vrai laboratoire pour tester et faire r\u00eaver !","og_url":"https:\/\/particuliers.citemomes.fr\/index.php\/l-asso\/association-culturelle-rouen\/","article_modified_time":"2025-04-09T12:39:05+00:00","og_image":[{"url":"http:\/\/citemomes.fr\/wp-content\/uploads\/2016\/01\/P1150835.jpg"}],"twitter_card":"summary_large_image","twitter_misc":{"Dur\u00e9e de lecture estim\u00e9e":"5 minutes"},"schema":{"@context":"https:\/\/schema.org","@graph":[{"@type":"WebPage","@id":"https:\/\/particuliers.citemomes.fr\/index.php\/l-asso\/association-culturelle-rouen\/","url":"https:\/\/particuliers.citemomes.fr\/index.php\/l-asso\/association-culturelle-rouen\/","name":"Cit\u00e9m\u00f4mes- Qui sommes-nous ?","isPartOf":{"@id":"http:\/\/particuliers.citemomes.fr\/#website"},"datePublished":"2016-01-24T17:27:45+00:00","dateModified":"2025-04-09T12:39:05+00:00","description":"Cit\u00e9m\u00f4mes est une association culturelle rouennaise cr\u00e9\u00e9e en 2007.Elle intervient localement en premier lieu avec son espace \u00e0 Rouen, v\u00e9ritable lieu de vie avec sa galerie d\u2019exposition, ses ateliers pour enfants et son bureau. Un vrai laboratoire pour tester et faire r\u00eaver !","breadcrumb":{"@id":"https:\/\/particuliers.citemomes.fr\/index.php\/l-asso\/association-culturelle-rouen\/#breadcrumb"},"inLanguage":"fr-FR","potentialAction":[{"@type":"ReadAction","target":["https:\/\/particuliers.citemomes.fr\/index.php\/l-asso\/association-culturelle-rouen\/"]}]},{"@type":"BreadcrumbList","@id":"https:\/\/particuliers.citemomes.fr\/index.php\/l-asso\/association-culturelle-rouen\/#breadcrumb","itemListElement":[{"@type":"ListItem","position":1,"name":"Accueil","item":"https:\/\/particuliers.citemomes.fr\/"},{"@type":"ListItem","position":2,"name":"L&#8217;asso","item":"https:\/\/particuliers.citemomes.fr\/?page_id=1239"},{"@type":"ListItem","position":3,"name":"Qui sommes-nous ?"}]},{"@type":"WebSite","@id":"http:\/\/particuliers.citemomes.fr\/#website","url":"http:\/\/particuliers.citemomes.fr\/","name":"","description":"D\u00e9couvrir, cr\u00e9er, r\u00eaver !","potentialAction":[{"@type":"SearchAction","target":{"@type":"EntryPoint","urlTemplate":"http:\/\/particuliers.citemomes.fr\/?s={search_term_string}"},"query-input":"required name=search_term_string"}],"inLanguage":"fr-FR"}]}},"_links":{"self":[{"href":"https:\/\/particuliers.citemomes.fr\/index.php\/wp-json\/wp\/v2\/pages\/1234"}],"collection":[{"href":"https:\/\/particuliers.citemomes.fr\/index.php\/wp-json\/wp\/v2\/pages"}],"about":[{"href":"https:\/\/particuliers.citemomes.fr\/index.php\/wp-json\/wp\/v2\/types\/page"}],"author":[{"embeddable":true,"href":"https:\/\/particuliers.citemomes.fr\/index.php\/wp-json\/wp\/v2\/users\/1"}],"replies":[{"embeddable":true,"href":"https:\/\/particuliers.citemomes.fr\/index.php\/wp-json\/wp\/v2\/comments?post=1234"}],"version-history":[{"count":73,"href":"https:\/\/particuliers.citemomes.fr\/index.php\/wp-json\/wp\/v2\/pages\/1234\/revisions"}],"predecessor-version":[{"id":6859,"href":"https:\/\/particuliers.citemomes.fr\/index.php\/wp-json\/wp\/v2\/pages\/1234\/revisions\/6859"}],"up":[{"embeddable":true,"href":"https:\/\/particuliers.citemomes.fr\/index.php\/wp-json\/wp\/v2\/pages\/1239"}],"wp:attachment":[{"href":"https:\/\/particuliers.citemomes.fr\/index.php\/wp-json\/wp\/v2\/media?parent=1234"}],"curies":[{"name":"wp","href":"https:\/\/api.w.org\/{rel}","templated":true}]}}