{"id":1243,"date":"2016-01-26T22:24:50","date_gmt":"2016-01-26T21:24:50","guid":{"rendered":"http:\/\/citemomes.fr\/?page_id=62"},"modified":"2021-02-25T11:45:03","modified_gmt":"2021-02-25T10:45:03","slug":"le-gouter","status":"publish","type":"page","link":"https:\/\/particuliers.citemomes.fr\/index.php\/l-asso\/le-gouter\/","title":{"rendered":"Le go\u00fbter"},"content":{"rendered":"\t\t<div data-elementor-type=\"wp-page\" data-elementor-id=\"1243\" class=\"elementor elementor-1243\">\n\t\t\t\t\t\t<section class=\"elementor-section elementor-top-section elementor-element elementor-element-1a113354 elementor-section-boxed elementor-section-height-default elementor-section-height-default\" data-id=\"1a113354\" data-element_type=\"section\">\n\t\t\t\t\t\t<div class=\"elementor-container elementor-column-gap-default\">\n\t\t\t\t\t<div class=\"elementor-column elementor-col-100 elementor-top-column elementor-element elementor-element-2749b42d\" data-id=\"2749b42d\" data-element_type=\"column\">\n\t\t\t<div class=\"elementor-widget-wrap elementor-element-populated\">\n\t\t\t\t\t\t<div class=\"elementor-element elementor-element-e37fda9 elementor-widget elementor-widget-text-editor\" data-id=\"e37fda9\" data-element_type=\"widget\" data-widget_type=\"text-editor.default\">\n\t\t\t\t<div class=\"elementor-widget-container\">\n\t\t\t\t\t\t\t<p style=\"text-align: center;\"><span style=\"color: #000000;\">Apr\u00e8s les ateliers des vacances, restez encore un peu le temps d&#8217;un bon\u00a0<span style=\"color: #008080;\"><strong>go\u00fbter<\/strong><\/span> !<\/span><\/p><p><a href=\"http:\/\/citemomes.fr\/wp-content\/uploads\/2016\/01\/P1470253.jpg\"><img fetchpriority=\"high\" decoding=\"async\" class=\"\" src=\"http:\/\/citemomes.fr\/wp-content\/uploads\/2016\/01\/P1470253-300x211.jpg\" alt=\"atelier activit\u00e9 enfant cr\u00e9atif culturel rouen cit\u00e9m\u00f4mes\" width=\"313\" height=\"220\" \/><\/a> <\/p><p>\u00a0<\/p><p><a href=\"http:\/\/citemomes.fr\/wp-content\/uploads\/2016\/01\/IMG_5058.jpg\"><img decoding=\"async\" class=\"\" style=\"color: #008080;\" src=\"http:\/\/citemomes.fr\/wp-content\/uploads\/2016\/01\/IMG_5058-300x244.jpg\" alt=\"atelier, activit\u00e9, enfant, cr\u00e9atif, culturel, Rouen, Cit\u00e9m\u00f4mes, ludique, go\u00fbter, th\u00e9, biscuit, galerie, exposition, jeux\" width=\"270\" height=\"220\" \/><\/a><\/p><p style=\"text-align: center;\"><span style=\"color: #000000;\">Sirop pour les enfants, th\u00e9 ou caf\u00e9 pour les parents, le tout accompagn\u00e9 de petits g\u00e2teaux pour un moment gourmand en famille !<\/span><\/p><p><a href=\"http:\/\/citemomes.fr\/wp-content\/uploads\/2016\/01\/P1470659.jpg\"><img decoding=\"async\" class=\"size-medium wp-image-166\" src=\"http:\/\/citemomes.fr\/wp-content\/uploads\/2016\/01\/P1470659-225x300.jpg\" alt=\"association, cit\u00e9m\u00f4mes, rouen, enfant, atelier, cr\u00e9atif, go\u00fbter\" width=\"225\" height=\"300\" \/><\/a> <a href=\"http:\/\/citemomes.fr\/wp-content\/uploads\/2016\/01\/P1470242.jpg\"><img loading=\"lazy\" decoding=\"async\" class=\"size-medium wp-image-164\" src=\"http:\/\/citemomes.fr\/wp-content\/uploads\/2016\/01\/P1470242-261x300.jpg\" alt=\"association, cit\u00e9m\u00f4mes, rouen, enfant, atelier, cr\u00e9atif, go\u00fbter\" width=\"261\" height=\"300\" \/><\/a><\/p><h3><span style=\"color: #008080;\"><b>Quand ?<\/b><\/span><\/h3><p style=\"text-align: center;\"><span style=\"color: #000000;\"><span style=\"color: #008080;\">\u2022<\/span> Apr\u00e8s les <span style=\"color: #008080;\"><strong><a style=\"color: #008080;\" href=\"http:\/\/citemomes.fr\/ateliers\/les-ptits-ateliers-des-vacances\/\">p&#8217;tits ateliers<\/a><\/strong><\/span> des\u00a0<strong>mercredi<\/strong>, <strong>jeudi<\/strong>, <strong>vendredi <\/strong>et<strong> samedi apr\u00e8s-midis<\/strong>\u00a0pendant les vacances scolaires (voir rubrique <strong><a style=\"color: #000000;\" href=\"http:\/\/citemomes.fr\/agenda\/\">AGENDA<\/a><\/strong>\u00a0pour\u00a0les dates exactes).<\/span><\/p><p style=\"text-align: center;\"><span style=\"color: #000000;\"><span style=\"color: #008080;\">\u2022<\/span> Les r\u00e9servations en amont (par t\u00e9l\u00e9phone, mail,\u00a0<a style=\"color: #000000;\" href=\"https:\/\/www.helloasso.com\/associations\/citemomes\">HelloAsso<\/a>\u00a0ou avant l&#8217;atelier) sont <strong>obligatoires<\/strong>.<\/span><\/p><p style=\"text-align: center;\"><span style=\"color: #000000;\"><span style=\"color: #008080;\">\u2022<\/span>\u00a0Le r\u00e8glement des ateliers se fait sur place par ch\u00e8que ou esp\u00e8ce\u00a0ou en ligne via <a style=\"color: #000000;\" href=\"https:\/\/www.helloasso.com\/associations\/citemomes\">HelloAsso<\/a>.<\/span><\/p><p style=\"text-align: center;\"><span style=\"color: #ffffff;\">h<\/span><\/p><p style=\"text-align: center;\"><a href=\"https:\/\/www.facebook.com\/citemomes\/\"><img loading=\"lazy\" decoding=\"async\" class=\"alignnone wp-image-2021\" src=\"http:\/\/citemomes.fr\/wp-content\/uploads\/2020\/03\/Capture-d\u2019\u00e9cran-2020-03-26-\u00e0-21.41.46.png\" alt=\"\" width=\"48\" height=\"46\" \/><\/a><em><strong><span style=\"color: #008080;\"><a href=\"https:\/\/www.instagram.com\/citemomes\/\"><img loading=\"lazy\" decoding=\"async\" class=\"alignnone wp-image-2023\" src=\"http:\/\/citemomes.fr\/wp-content\/uploads\/2020\/03\/Capture-d\u2019\u00e9cran-2020-03-26-\u00e0-21.42.25.png\" alt=\"\" width=\"46\" height=\"47\" \/><\/a><a href=\"https:\/\/twitter.com\/Citemomes\"><img loading=\"lazy\" decoding=\"async\" class=\"alignnone wp-image-2024\" src=\"http:\/\/citemomes.fr\/wp-content\/uploads\/2020\/03\/Capture-d\u2019\u00e9cran-2020-03-26-\u00e0-21.44.36.png\" alt=\"\" width=\"50\" height=\"44\" \/><img loading=\"lazy\" decoding=\"async\" class=\"alignnone wp-image-2049\" src=\"http:\/\/citemomes.fr\/wp-content\/uploads\/2016\/01\/Capture-d\u2019\u00e9cran-2020-03-26-\u00e0-22.43.35.png\" alt=\"\" width=\"44\" height=\"46\" \/><\/a><\/span><\/strong><\/em><\/p>\t\t\t\t\t\t<\/div>\n\t\t\t\t<\/div>\n\t\t\t\t\t<\/div>\n\t\t<\/div>\n\t\t\t\t\t<\/div>\n\t\t<\/section>\n\t\t\t\t<\/div>\n\t\t","protected":false},"excerpt":{"rendered":"<p>Apr\u00e8s les ateliers des vacances, restez encore un peu le temps d&#8217;un bon\u00a0go\u00fbter ! \u00a0 Sirop pour les enfants, th\u00e9 ou caf\u00e9 pour les parents, le tout accompagn\u00e9 de petits g\u00e2teaux pour un moment gourmand en famille ! Quand ? \u2022 Apr\u00e8s les p&#8217;tits ateliers des\u00a0mercredi, jeudi, vendredi et samedi apr\u00e8s-midis\u00a0pendant les vacances scolaires (voir&hellip; <a href=\"https:\/\/particuliers.citemomes.fr\/index.php\/l-asso\/le-gouter\/\" class=\"more-link\">Lire la suite <span class=\"screen-reader-text\">Le go\u00fbter<\/span><\/a><\/p>\n","protected":false},"author":1,"featured_media":0,"parent":1239,"menu_order":0,"comment_status":"closed","ping_status":"closed","template":"","meta":[],"yoast_head":"<!-- This site is optimized with the Yoast SEO plugin v20.0 - https:\/\/yoast.com\/wordpress\/plugins\/seo\/ -->\n<title>Le go\u00fbter -<\/title>\n<meta name=\"robots\" content=\"index, follow, max-snippet:-1, max-image-preview:large, max-video-preview:-1\" \/>\n<link rel=\"canonical\" href=\"https:\/\/particuliers.citemomes.fr\/index.php\/l-asso\/le-gouter\/\" \/>\n<meta property=\"og:locale\" content=\"fr_FR\" \/>\n<meta property=\"og:type\" content=\"article\" \/>\n<meta property=\"og:title\" content=\"Le go\u00fbter -\" \/>\n<meta property=\"og:description\" content=\"Apr\u00e8s les ateliers des vacances, restez encore un peu le temps d&#8217;un bon\u00a0go\u00fbter ! \u00a0 Sirop pour les enfants, th\u00e9 ou caf\u00e9 pour les parents, le tout accompagn\u00e9 de petits g\u00e2teaux pour un moment gourmand en famille ! Quand ? \u2022 Apr\u00e8s les p&#8217;tits ateliers des\u00a0mercredi, jeudi, vendredi et samedi apr\u00e8s-midis\u00a0pendant les vacances scolaires (voir&hellip; Lire la suite Le go\u00fbter\" \/>\n<meta property=\"og:url\" content=\"https:\/\/particuliers.citemomes.fr\/index.php\/l-asso\/le-gouter\/\" \/>\n<meta property=\"article:modified_time\" content=\"2021-02-25T10:45:03+00:00\" \/>\n<meta property=\"og:image\" content=\"http:\/\/citemomes.fr\/wp-content\/uploads\/2016\/01\/P1470253-300x211.jpg\" \/>\n<meta name=\"twitter:card\" content=\"summary_large_image\" \/>\n<meta name=\"twitter:label1\" content=\"Dur\u00e9e de lecture estim\u00e9e\" \/>\n\t<meta name=\"twitter:data1\" content=\"3 minutes\" \/>\n<script type=\"application\/ld+json\" class=\"yoast-schema-graph\">{\"@context\":\"https:\/\/schema.org\",\"@graph\":[{\"@type\":\"WebPage\",\"@id\":\"https:\/\/particuliers.citemomes.fr\/index.php\/l-asso\/le-gouter\/\",\"url\":\"https:\/\/particuliers.citemomes.fr\/index.php\/l-asso\/le-gouter\/\",\"name\":\"Le go\u00fbter -\",\"isPartOf\":{\"@id\":\"http:\/\/particuliers.citemomes.fr\/#website\"},\"datePublished\":\"2016-01-26T21:24:50+00:00\",\"dateModified\":\"2021-02-25T10:45:03+00:00\",\"breadcrumb\":{\"@id\":\"https:\/\/particuliers.citemomes.fr\/index.php\/l-asso\/le-gouter\/#breadcrumb\"},\"inLanguage\":\"fr-FR\",\"potentialAction\":[{\"@type\":\"ReadAction\",\"target\":[\"https:\/\/particuliers.citemomes.fr\/index.php\/l-asso\/le-gouter\/\"]}]},{\"@type\":\"BreadcrumbList\",\"@id\":\"https:\/\/particuliers.citemomes.fr\/index.php\/l-asso\/le-gouter\/#breadcrumb\",\"itemListElement\":[{\"@type\":\"ListItem\",\"position\":1,\"name\":\"Accueil\",\"item\":\"https:\/\/particuliers.citemomes.fr\/\"},{\"@type\":\"ListItem\",\"position\":2,\"name\":\"L&#8217;asso\",\"item\":\"https:\/\/particuliers.citemomes.fr\/?page_id=1239\"},{\"@type\":\"ListItem\",\"position\":3,\"name\":\"Le go\u00fbter\"}]},{\"@type\":\"WebSite\",\"@id\":\"http:\/\/particuliers.citemomes.fr\/#website\",\"url\":\"http:\/\/particuliers.citemomes.fr\/\",\"name\":\"\",\"description\":\"D\u00e9couvrir, cr\u00e9er, r\u00eaver !\",\"potentialAction\":[{\"@type\":\"SearchAction\",\"target\":{\"@type\":\"EntryPoint\",\"urlTemplate\":\"http:\/\/particuliers.citemomes.fr\/?s={search_term_string}\"},\"query-input\":\"required name=search_term_string\"}],\"inLanguage\":\"fr-FR\"}]}<\/script>\n<!-- \/ Yoast SEO plugin. -->","yoast_head_json":{"title":"Le go\u00fbter -","robots":{"index":"index","follow":"follow","max-snippet":"max-snippet:-1","max-image-preview":"max-image-preview:large","max-video-preview":"max-video-preview:-1"},"canonical":"https:\/\/particuliers.citemomes.fr\/index.php\/l-asso\/le-gouter\/","og_locale":"fr_FR","og_type":"article","og_title":"Le go\u00fbter -","og_description":"Apr\u00e8s les ateliers des vacances, restez encore un peu le temps d&#8217;un bon\u00a0go\u00fbter ! \u00a0 Sirop pour les enfants, th\u00e9 ou caf\u00e9 pour les parents, le tout accompagn\u00e9 de petits g\u00e2teaux pour un moment gourmand en famille ! Quand ? \u2022 Apr\u00e8s les p&#8217;tits ateliers des\u00a0mercredi, jeudi, vendredi et samedi apr\u00e8s-midis\u00a0pendant les vacances scolaires (voir&hellip; Lire la suite Le go\u00fbter","og_url":"https:\/\/particuliers.citemomes.fr\/index.php\/l-asso\/le-gouter\/","article_modified_time":"2021-02-25T10:45:03+00:00","og_image":[{"url":"http:\/\/citemomes.fr\/wp-content\/uploads\/2016\/01\/P1470253-300x211.jpg"}],"twitter_card":"summary_large_image","twitter_misc":{"Dur\u00e9e de lecture estim\u00e9e":"3 minutes"},"schema":{"@context":"https:\/\/schema.org","@graph":[{"@type":"WebPage","@id":"https:\/\/particuliers.citemomes.fr\/index.php\/l-asso\/le-gouter\/","url":"https:\/\/particuliers.citemomes.fr\/index.php\/l-asso\/le-gouter\/","name":"Le go\u00fbter -","isPartOf":{"@id":"http:\/\/particuliers.citemomes.fr\/#website"},"datePublished":"2016-01-26T21:24:50+00:00","dateModified":"2021-02-25T10:45:03+00:00","breadcrumb":{"@id":"https:\/\/particuliers.citemomes.fr\/index.php\/l-asso\/le-gouter\/#breadcrumb"},"inLanguage":"fr-FR","potentialAction":[{"@type":"ReadAction","target":["https:\/\/particuliers.citemomes.fr\/index.php\/l-asso\/le-gouter\/"]}]},{"@type":"BreadcrumbList","@id":"https:\/\/particuliers.citemomes.fr\/index.php\/l-asso\/le-gouter\/#breadcrumb","itemListElement":[{"@type":"ListItem","position":1,"name":"Accueil","item":"https:\/\/particuliers.citemomes.fr\/"},{"@type":"ListItem","position":2,"name":"L&#8217;asso","item":"https:\/\/particuliers.citemomes.fr\/?page_id=1239"},{"@type":"ListItem","position":3,"name":"Le go\u00fbter"}]},{"@type":"WebSite","@id":"http:\/\/particuliers.citemomes.fr\/#website","url":"http:\/\/particuliers.citemomes.fr\/","name":"","description":"D\u00e9couvrir, cr\u00e9er, r\u00eaver !","potentialAction":[{"@type":"SearchAction","target":{"@type":"EntryPoint","urlTemplate":"http:\/\/particuliers.citemomes.fr\/?s={search_term_string}"},"query-input":"required name=search_term_string"}],"inLanguage":"fr-FR"}]}},"_links":{"self":[{"href":"https:\/\/particuliers.citemomes.fr\/index.php\/wp-json\/wp\/v2\/pages\/1243"}],"collection":[{"href":"https:\/\/particuliers.citemomes.fr\/index.php\/wp-json\/wp\/v2\/pages"}],"about":[{"href":"https:\/\/particuliers.citemomes.fr\/index.php\/wp-json\/wp\/v2\/types\/page"}],"author":[{"embeddable":true,"href":"https:\/\/particuliers.citemomes.fr\/index.php\/wp-json\/wp\/v2\/users\/1"}],"replies":[{"embeddable":true,"href":"https:\/\/particuliers.citemomes.fr\/index.php\/wp-json\/wp\/v2\/comments?post=1243"}],"version-history":[{"count":7,"href":"https:\/\/particuliers.citemomes.fr\/index.php\/wp-json\/wp\/v2\/pages\/1243\/revisions"}],"predecessor-version":[{"id":3114,"href":"https:\/\/particuliers.citemomes.fr\/index.php\/wp-json\/wp\/v2\/pages\/1243\/revisions\/3114"}],"up":[{"embeddable":true,"href":"https:\/\/particuliers.citemomes.fr\/index.php\/wp-json\/wp\/v2\/pages\/1239"}],"wp:attachment":[{"href":"https:\/\/particuliers.citemomes.fr\/index.php\/wp-json\/wp\/v2\/media?parent=1243"}],"curies":[{"name":"wp","href":"https:\/\/api.w.org\/{rel}","templated":true}]}}