{"id":1244,"date":"2016-01-26T22:58:31","date_gmt":"2016-01-26T21:58:31","guid":{"rendered":"http:\/\/citemomes.fr\/?page_id=78"},"modified":"2016-01-26T22:58:31","modified_gmt":"2016-01-26T21:58:31","slug":"tricote-un-sourire","status":"publish","type":"page","link":"https:\/\/particuliers.citemomes.fr\/index.php\/tricote-un-sourire-2\/tricote-un-sourire\/","title":{"rendered":"Tricote un sourire"},"content":{"rendered":"<p>&nbsp;<\/p>\n<p>&nbsp;<br \/>\n<img fetchpriority=\"high\" decoding=\"async\" class=\"wp-image-1345 aligncenter\" src=\"http:\/\/citemomes.fr\/wp-content\/uploads\/2016\/01\/site-haut-120x300.png\" alt=\"\" width=\"881\" height=\"2203\" \/><img decoding=\"async\" class=\" wp-image-1355 aligncenter\" src=\"http:\/\/citemomes.fr\/wp-content\/uploads\/2016\/01\/Site-notrepromesse-2-300x292.png\" alt=\"\" width=\"681\" height=\"662\" \/><img decoding=\"async\" class=\"alignnone  wp-image-1356 aligncenter\" src=\"http:\/\/citemomes.fr\/wp-content\/uploads\/2016\/01\/nos-obj-300x233.png\" alt=\"\" width=\"811\" height=\"630\" \/><img loading=\"lazy\" decoding=\"async\" class=\"wp-image-1350 aligncenter\" src=\"http:\/\/citemomes.fr\/wp-content\/uploads\/2016\/01\/comment-participer-1-154x300.png\" alt=\"\" width=\"746\" height=\"1453\" \/><\/p>\n<p><img loading=\"lazy\" decoding=\"async\" class=\"alignnone wp-image-1353 aligncenter\" src=\"http:\/\/citemomes.fr\/wp-content\/uploads\/2016\/01\/comment-participer-2-161x300.png\" alt=\"\" width=\"736\" height=\"1372\" \/><img loading=\"lazy\" decoding=\"async\" class=\"alignnone wp-image-1352 aligncenter\" src=\"http:\/\/citemomes.fr\/wp-content\/uploads\/2016\/01\/comment-participer-3-283x300.png\" alt=\"\" width=\"739\" height=\"783\" \/><\/p>\n<p>&nbsp;<\/p>\n<p>N&#8217;h\u00e9sitez pas \u00e0\u00a0aller\u00a0sur le site internet de\u00a0<a href=\"https:\/\/tricoteunsourire.com\/\">tricoteunsourire<\/a>\u00a0pour plus d&#8217;informations<\/p>\n","protected":false},"excerpt":{"rendered":"<p>&nbsp; &nbsp; &nbsp; N&#8217;h\u00e9sitez pas \u00e0\u00a0aller\u00a0sur le site internet de\u00a0tricoteunsourire\u00a0pour plus d&#8217;informations<\/p>\n","protected":false},"author":1,"featured_media":0,"parent":1238,"menu_order":0,"comment_status":"closed","ping_status":"closed","template":"","meta":[],"yoast_head":"<!-- This site is optimized with the Yoast SEO plugin v20.0 - https:\/\/yoast.com\/wordpress\/plugins\/seo\/ -->\n<title>Tricote un sourire -<\/title>\n<meta name=\"robots\" content=\"index, follow, max-snippet:-1, max-image-preview:large, max-video-preview:-1\" \/>\n<link rel=\"canonical\" href=\"https:\/\/particuliers.citemomes.fr\/index.php\/tricote-un-sourire-2\/tricote-un-sourire\/\" \/>\n<meta property=\"og:locale\" content=\"fr_FR\" \/>\n<meta property=\"og:type\" content=\"article\" \/>\n<meta property=\"og:title\" content=\"Tricote un sourire -\" \/>\n<meta property=\"og:description\" content=\"&nbsp; &nbsp; &nbsp; N&#8217;h\u00e9sitez pas \u00e0\u00a0aller\u00a0sur le site internet de\u00a0tricoteunsourire\u00a0pour plus d&#8217;informations\" \/>\n<meta property=\"og:url\" content=\"https:\/\/particuliers.citemomes.fr\/index.php\/tricote-un-sourire-2\/tricote-un-sourire\/\" \/>\n<meta property=\"og:image\" content=\"http:\/\/citemomes.fr\/wp-content\/uploads\/2016\/01\/site-haut-120x300.png\" \/>\n<meta name=\"twitter:card\" content=\"summary_large_image\" \/>\n<script type=\"application\/ld+json\" class=\"yoast-schema-graph\">{\"@context\":\"https:\/\/schema.org\",\"@graph\":[{\"@type\":\"WebPage\",\"@id\":\"https:\/\/particuliers.citemomes.fr\/index.php\/tricote-un-sourire-2\/tricote-un-sourire\/\",\"url\":\"https:\/\/particuliers.citemomes.fr\/index.php\/tricote-un-sourire-2\/tricote-un-sourire\/\",\"name\":\"Tricote un sourire -\",\"isPartOf\":{\"@id\":\"http:\/\/particuliers.citemomes.fr\/#website\"},\"datePublished\":\"2016-01-26T21:58:31+00:00\",\"dateModified\":\"2016-01-26T21:58:31+00:00\",\"breadcrumb\":{\"@id\":\"https:\/\/particuliers.citemomes.fr\/index.php\/tricote-un-sourire-2\/tricote-un-sourire\/#breadcrumb\"},\"inLanguage\":\"fr-FR\",\"potentialAction\":[{\"@type\":\"ReadAction\",\"target\":[\"https:\/\/particuliers.citemomes.fr\/index.php\/tricote-un-sourire-2\/tricote-un-sourire\/\"]}]},{\"@type\":\"BreadcrumbList\",\"@id\":\"https:\/\/particuliers.citemomes.fr\/index.php\/tricote-un-sourire-2\/tricote-un-sourire\/#breadcrumb\",\"itemListElement\":[{\"@type\":\"ListItem\",\"position\":1,\"name\":\"Accueil\",\"item\":\"https:\/\/particuliers.citemomes.fr\/\"},{\"@type\":\"ListItem\",\"position\":2,\"name\":\"Tricote un sourire\",\"item\":\"https:\/\/particuliers.citemomes.fr\/index.php\/tricote-un-sourire-2\/\"},{\"@type\":\"ListItem\",\"position\":3,\"name\":\"Tricote un sourire\"}]},{\"@type\":\"WebSite\",\"@id\":\"http:\/\/particuliers.citemomes.fr\/#website\",\"url\":\"http:\/\/particuliers.citemomes.fr\/\",\"name\":\"\",\"description\":\"D\u00e9couvrir, cr\u00e9er, r\u00eaver !\",\"potentialAction\":[{\"@type\":\"SearchAction\",\"target\":{\"@type\":\"EntryPoint\",\"urlTemplate\":\"http:\/\/particuliers.citemomes.fr\/?s={search_term_string}\"},\"query-input\":\"required name=search_term_string\"}],\"inLanguage\":\"fr-FR\"}]}<\/script>\n<!-- \/ Yoast SEO plugin. -->","yoast_head_json":{"title":"Tricote un sourire -","robots":{"index":"index","follow":"follow","max-snippet":"max-snippet:-1","max-image-preview":"max-image-preview:large","max-video-preview":"max-video-preview:-1"},"canonical":"https:\/\/particuliers.citemomes.fr\/index.php\/tricote-un-sourire-2\/tricote-un-sourire\/","og_locale":"fr_FR","og_type":"article","og_title":"Tricote un sourire -","og_description":"&nbsp; &nbsp; &nbsp; N&#8217;h\u00e9sitez pas \u00e0\u00a0aller\u00a0sur le site internet de\u00a0tricoteunsourire\u00a0pour plus d&#8217;informations","og_url":"https:\/\/particuliers.citemomes.fr\/index.php\/tricote-un-sourire-2\/tricote-un-sourire\/","og_image":[{"url":"http:\/\/citemomes.fr\/wp-content\/uploads\/2016\/01\/site-haut-120x300.png"}],"twitter_card":"summary_large_image","schema":{"@context":"https:\/\/schema.org","@graph":[{"@type":"WebPage","@id":"https:\/\/particuliers.citemomes.fr\/index.php\/tricote-un-sourire-2\/tricote-un-sourire\/","url":"https:\/\/particuliers.citemomes.fr\/index.php\/tricote-un-sourire-2\/tricote-un-sourire\/","name":"Tricote un sourire -","isPartOf":{"@id":"http:\/\/particuliers.citemomes.fr\/#website"},"datePublished":"2016-01-26T21:58:31+00:00","dateModified":"2016-01-26T21:58:31+00:00","breadcrumb":{"@id":"https:\/\/particuliers.citemomes.fr\/index.php\/tricote-un-sourire-2\/tricote-un-sourire\/#breadcrumb"},"inLanguage":"fr-FR","potentialAction":[{"@type":"ReadAction","target":["https:\/\/particuliers.citemomes.fr\/index.php\/tricote-un-sourire-2\/tricote-un-sourire\/"]}]},{"@type":"BreadcrumbList","@id":"https:\/\/particuliers.citemomes.fr\/index.php\/tricote-un-sourire-2\/tricote-un-sourire\/#breadcrumb","itemListElement":[{"@type":"ListItem","position":1,"name":"Accueil","item":"https:\/\/particuliers.citemomes.fr\/"},{"@type":"ListItem","position":2,"name":"Tricote un sourire","item":"https:\/\/particuliers.citemomes.fr\/index.php\/tricote-un-sourire-2\/"},{"@type":"ListItem","position":3,"name":"Tricote un sourire"}]},{"@type":"WebSite","@id":"http:\/\/particuliers.citemomes.fr\/#website","url":"http:\/\/particuliers.citemomes.fr\/","name":"","description":"D\u00e9couvrir, cr\u00e9er, r\u00eaver !","potentialAction":[{"@type":"SearchAction","target":{"@type":"EntryPoint","urlTemplate":"http:\/\/particuliers.citemomes.fr\/?s={search_term_string}"},"query-input":"required name=search_term_string"}],"inLanguage":"fr-FR"}]}},"_links":{"self":[{"href":"https:\/\/particuliers.citemomes.fr\/index.php\/wp-json\/wp\/v2\/pages\/1244"}],"collection":[{"href":"https:\/\/particuliers.citemomes.fr\/index.php\/wp-json\/wp\/v2\/pages"}],"about":[{"href":"https:\/\/particuliers.citemomes.fr\/index.php\/wp-json\/wp\/v2\/types\/page"}],"author":[{"embeddable":true,"href":"https:\/\/particuliers.citemomes.fr\/index.php\/wp-json\/wp\/v2\/users\/1"}],"replies":[{"embeddable":true,"href":"https:\/\/particuliers.citemomes.fr\/index.php\/wp-json\/wp\/v2\/comments?post=1244"}],"version-history":[{"count":0,"href":"https:\/\/particuliers.citemomes.fr\/index.php\/wp-json\/wp\/v2\/pages\/1244\/revisions"}],"up":[{"embeddable":true,"href":"https:\/\/particuliers.citemomes.fr\/index.php\/wp-json\/wp\/v2\/pages\/1238"}],"wp:attachment":[{"href":"https:\/\/particuliers.citemomes.fr\/index.php\/wp-json\/wp\/v2\/media?parent=1244"}],"curies":[{"name":"wp","href":"https:\/\/api.w.org\/{rel}","templated":true}]}}