{"id":1303,"date":"2017-11-09T10:53:05","date_gmt":"2017-11-09T09:53:05","guid":{"rendered":"http:\/\/citemomes.fr\/?page_id=1303"},"modified":"2017-11-09T10:53:05","modified_gmt":"2017-11-09T09:53:05","slug":"ateliers-grands","status":"publish","type":"page","link":"https:\/\/particuliers.citemomes.fr\/index.php\/ateliers\/ateliers-grands\/","title":{"rendered":"Les ateliers pour les grands"},"content":{"rendered":"<p>Parce qu&#8217;il n&#8217;y a pas d&#8217;\u00e2ge pour s&#8217;int\u00e9resser aux arts plastiques, Cit\u00e9m\u00f4mes vous propose son nouvel atelier expr\u00e8s pour les adultes !<\/p>\n<p><img fetchpriority=\"high\" decoding=\"async\" class=\"imgartgd aligncenter\" src=\"http:\/\/citemomes.fr\/wp-content\/uploads\/2017\/11\/at-grands-pastel.jpg\" width=\"540\" height=\"360\" \/><\/p>\n<p>Peinture, collage, scrap, bricolage, assemblage&#8230;<br \/>\nUn concentr\u00e9 de techniques pour les d\u00e9butants qui souhaitent s&#8217;essayer aux loisirs cr\u00e9atifs, ou pour les confirm\u00e9s qui cherchent des ateliers en groupe !<\/p>\n<h3><b>Quand ?<\/b><\/h3>\n<p><i>Ces ateliers vous sont propos\u00e9s 1 fois par mois pendant 1h30. Rendez-vous sur la rubrique <a href=\"http:\/\/citemomes.fr\/agenda\/\">agenda<\/a>, pour voir la date de la prochaine s\u00e9ance et pour vous inscrire !<\/i><\/p>\n","protected":false},"excerpt":{"rendered":"<p>Parce qu&#8217;il n&#8217;y a pas d&#8217;\u00e2ge pour s&#8217;int\u00e9resser aux arts plastiques, Cit\u00e9m\u00f4mes vous propose son nouvel atelier expr\u00e8s pour les adultes ! Peinture, collage, scrap, bricolage, assemblage&#8230; Un concentr\u00e9 de techniques pour les d\u00e9butants qui souhaitent s&#8217;essayer aux loisirs cr\u00e9atifs, ou pour les confirm\u00e9s qui cherchent des ateliers en groupe ! Quand ? Ces ateliers&hellip; <a href=\"https:\/\/particuliers.citemomes.fr\/index.php\/ateliers\/ateliers-grands\/\" class=\"more-link\">Lire la suite <span class=\"screen-reader-text\">Les ateliers pour les grands<\/span><\/a><\/p>\n","protected":false},"author":1,"featured_media":0,"parent":1233,"menu_order":0,"comment_status":"closed","ping_status":"closed","template":"","meta":[],"yoast_head":"<!-- This site is optimized with the Yoast SEO plugin v20.0 - https:\/\/yoast.com\/wordpress\/plugins\/seo\/ -->\n<title>Les ateliers pour les grands -<\/title>\n<meta name=\"robots\" content=\"index, follow, max-snippet:-1, max-image-preview:large, max-video-preview:-1\" \/>\n<link rel=\"canonical\" href=\"https:\/\/particuliers.citemomes.fr\/index.php\/ateliers\/ateliers-grands\/\" \/>\n<meta property=\"og:locale\" content=\"fr_FR\" \/>\n<meta property=\"og:type\" content=\"article\" \/>\n<meta property=\"og:title\" content=\"Les ateliers pour les grands -\" \/>\n<meta property=\"og:description\" content=\"Parce qu&#8217;il n&#8217;y a pas d&#8217;\u00e2ge pour s&#8217;int\u00e9resser aux arts plastiques, Cit\u00e9m\u00f4mes vous propose son nouvel atelier expr\u00e8s pour les adultes ! Peinture, collage, scrap, bricolage, assemblage&#8230; Un concentr\u00e9 de techniques pour les d\u00e9butants qui souhaitent s&#8217;essayer aux loisirs cr\u00e9atifs, ou pour les confirm\u00e9s qui cherchent des ateliers en groupe ! Quand ? Ces ateliers&hellip; Lire la suite Les ateliers pour les grands\" \/>\n<meta property=\"og:url\" content=\"https:\/\/particuliers.citemomes.fr\/index.php\/ateliers\/ateliers-grands\/\" \/>\n<meta property=\"og:image\" content=\"http:\/\/citemomes.fr\/wp-content\/uploads\/2017\/11\/at-grands-pastel.jpg\" \/>\n<meta name=\"twitter:card\" content=\"summary_large_image\" \/>\n<script type=\"application\/ld+json\" class=\"yoast-schema-graph\">{\"@context\":\"https:\/\/schema.org\",\"@graph\":[{\"@type\":\"WebPage\",\"@id\":\"https:\/\/particuliers.citemomes.fr\/index.php\/ateliers\/ateliers-grands\/\",\"url\":\"https:\/\/particuliers.citemomes.fr\/index.php\/ateliers\/ateliers-grands\/\",\"name\":\"Les ateliers pour les grands -\",\"isPartOf\":{\"@id\":\"http:\/\/particuliers.citemomes.fr\/#website\"},\"datePublished\":\"2017-11-09T09:53:05+00:00\",\"dateModified\":\"2017-11-09T09:53:05+00:00\",\"breadcrumb\":{\"@id\":\"https:\/\/particuliers.citemomes.fr\/index.php\/ateliers\/ateliers-grands\/#breadcrumb\"},\"inLanguage\":\"fr-FR\",\"potentialAction\":[{\"@type\":\"ReadAction\",\"target\":[\"https:\/\/particuliers.citemomes.fr\/index.php\/ateliers\/ateliers-grands\/\"]}]},{\"@type\":\"BreadcrumbList\",\"@id\":\"https:\/\/particuliers.citemomes.fr\/index.php\/ateliers\/ateliers-grands\/#breadcrumb\",\"itemListElement\":[{\"@type\":\"ListItem\",\"position\":1,\"name\":\"Accueil\",\"item\":\"https:\/\/particuliers.citemomes.fr\/\"},{\"@type\":\"ListItem\",\"position\":2,\"name\":\"NOS ATELIERS\",\"item\":\"http:\/\/particuliers.citemomes.fr\/index.php\/ateliers\/\"},{\"@type\":\"ListItem\",\"position\":3,\"name\":\"Les ateliers pour les grands\"}]},{\"@type\":\"WebSite\",\"@id\":\"http:\/\/particuliers.citemomes.fr\/#website\",\"url\":\"http:\/\/particuliers.citemomes.fr\/\",\"name\":\"\",\"description\":\"D\u00e9couvrir, cr\u00e9er, r\u00eaver !\",\"potentialAction\":[{\"@type\":\"SearchAction\",\"target\":{\"@type\":\"EntryPoint\",\"urlTemplate\":\"http:\/\/particuliers.citemomes.fr\/?s={search_term_string}\"},\"query-input\":\"required name=search_term_string\"}],\"inLanguage\":\"fr-FR\"}]}<\/script>\n<!-- \/ Yoast SEO plugin. -->","yoast_head_json":{"title":"Les ateliers pour les grands -","robots":{"index":"index","follow":"follow","max-snippet":"max-snippet:-1","max-image-preview":"max-image-preview:large","max-video-preview":"max-video-preview:-1"},"canonical":"https:\/\/particuliers.citemomes.fr\/index.php\/ateliers\/ateliers-grands\/","og_locale":"fr_FR","og_type":"article","og_title":"Les ateliers pour les grands -","og_description":"Parce qu&#8217;il n&#8217;y a pas d&#8217;\u00e2ge pour s&#8217;int\u00e9resser aux arts plastiques, Cit\u00e9m\u00f4mes vous propose son nouvel atelier expr\u00e8s pour les adultes ! Peinture, collage, scrap, bricolage, assemblage&#8230; Un concentr\u00e9 de techniques pour les d\u00e9butants qui souhaitent s&#8217;essayer aux loisirs cr\u00e9atifs, ou pour les confirm\u00e9s qui cherchent des ateliers en groupe ! Quand ? Ces ateliers&hellip; Lire la suite Les ateliers pour les grands","og_url":"https:\/\/particuliers.citemomes.fr\/index.php\/ateliers\/ateliers-grands\/","og_image":[{"url":"http:\/\/citemomes.fr\/wp-content\/uploads\/2017\/11\/at-grands-pastel.jpg"}],"twitter_card":"summary_large_image","schema":{"@context":"https:\/\/schema.org","@graph":[{"@type":"WebPage","@id":"https:\/\/particuliers.citemomes.fr\/index.php\/ateliers\/ateliers-grands\/","url":"https:\/\/particuliers.citemomes.fr\/index.php\/ateliers\/ateliers-grands\/","name":"Les ateliers pour les grands -","isPartOf":{"@id":"http:\/\/particuliers.citemomes.fr\/#website"},"datePublished":"2017-11-09T09:53:05+00:00","dateModified":"2017-11-09T09:53:05+00:00","breadcrumb":{"@id":"https:\/\/particuliers.citemomes.fr\/index.php\/ateliers\/ateliers-grands\/#breadcrumb"},"inLanguage":"fr-FR","potentialAction":[{"@type":"ReadAction","target":["https:\/\/particuliers.citemomes.fr\/index.php\/ateliers\/ateliers-grands\/"]}]},{"@type":"BreadcrumbList","@id":"https:\/\/particuliers.citemomes.fr\/index.php\/ateliers\/ateliers-grands\/#breadcrumb","itemListElement":[{"@type":"ListItem","position":1,"name":"Accueil","item":"https:\/\/particuliers.citemomes.fr\/"},{"@type":"ListItem","position":2,"name":"NOS ATELIERS","item":"http:\/\/particuliers.citemomes.fr\/index.php\/ateliers\/"},{"@type":"ListItem","position":3,"name":"Les ateliers pour les grands"}]},{"@type":"WebSite","@id":"http:\/\/particuliers.citemomes.fr\/#website","url":"http:\/\/particuliers.citemomes.fr\/","name":"","description":"D\u00e9couvrir, cr\u00e9er, r\u00eaver !","potentialAction":[{"@type":"SearchAction","target":{"@type":"EntryPoint","urlTemplate":"http:\/\/particuliers.citemomes.fr\/?s={search_term_string}"},"query-input":"required name=search_term_string"}],"inLanguage":"fr-FR"}]}},"_links":{"self":[{"href":"https:\/\/particuliers.citemomes.fr\/index.php\/wp-json\/wp\/v2\/pages\/1303"}],"collection":[{"href":"https:\/\/particuliers.citemomes.fr\/index.php\/wp-json\/wp\/v2\/pages"}],"about":[{"href":"https:\/\/particuliers.citemomes.fr\/index.php\/wp-json\/wp\/v2\/types\/page"}],"author":[{"embeddable":true,"href":"https:\/\/particuliers.citemomes.fr\/index.php\/wp-json\/wp\/v2\/users\/1"}],"replies":[{"embeddable":true,"href":"https:\/\/particuliers.citemomes.fr\/index.php\/wp-json\/wp\/v2\/comments?post=1303"}],"version-history":[{"count":0,"href":"https:\/\/particuliers.citemomes.fr\/index.php\/wp-json\/wp\/v2\/pages\/1303\/revisions"}],"up":[{"embeddable":true,"href":"https:\/\/particuliers.citemomes.fr\/index.php\/wp-json\/wp\/v2\/pages\/1233"}],"wp:attachment":[{"href":"https:\/\/particuliers.citemomes.fr\/index.php\/wp-json\/wp\/v2\/media?parent=1303"}],"curies":[{"name":"wp","href":"https:\/\/api.w.org\/{rel}","templated":true}]}}