{"id":1595,"date":"2019-05-09T09:31:02","date_gmt":"2019-05-09T08:31:02","guid":{"rendered":"http:\/\/citemomes.fr\/?page_id=1595"},"modified":"2019-05-09T09:31:02","modified_gmt":"2019-05-09T08:31:02","slug":"malles-vagabondes","status":"publish","type":"page","link":"https:\/\/particuliers.citemomes.fr\/index.php\/malles-vagabondes\/","title":{"rendered":"Malles Vagabondes"},"content":{"rendered":"<p style=\"text-align: center;\"><span style=\"color: #000000;\"><strong>Laur\u00e9ate des Palmes du Tourisme Durable, La Malle Vagabonde des Grands Sites de France\u00a0<\/strong>a pour objectif principal de sensibiliser au paysage. Par des entr\u00e9es sensorielles, artistiques ou interactives, elle est une invitation au voyage, \u00e0 une d\u00e9couverte du paysage dans tous les sens ! Elle se balade, elle vient \u00e0 la rencontre des visiteurs, petits ou grands.<\/span><\/p>\n<div class=\"page\" title=\"Page 2\">\n<div class=\"section\">\n<div class=\"layoutArea\">\n<div class=\"column\" style=\"text-align: center;\">\n<p><span style=\"color: #000000;\">Gr\u00e2ce \u00e0 une s\u00e9rie d\u2019outils simples et immersifs (jeux sur les 5 sens, jeu de r\u00f4le sur les m\u00e9tiers des acteurs, lecture de paysage, cr\u00e9ation d&#8217;une mat\u00e9riauth\u00e8que issue d&#8217;\u00e9l\u00e9ments du Grand Site&#8230;), ce dispositif permet de d\u00e9couvrir le paysage et ses coulisses de mani\u00e8re sensible, en rendant les participants acteurs de leur d\u00e9couverte. Il permet de s&#8217;\u00e9veiller \u00e0 ce qui fait la beaut\u00e9 d&#8217;un paysage, de comprendre ce qui le constitue et ce qui en fait son caract\u00e8re unique et fragile.<\/span><\/p>\n<\/div>\n<div class=\"page\" title=\"Page 2\">\n<div class=\"section\">\n<div class=\"layoutArea\">\n<div class=\"column\">\n<p style=\"text-align: center;\"><span style=\"color: #000000;\">Construite autour des valeurs des <strong>Grands Sites de France<\/strong> (le respect de ce qui fait l&#8217;esprit du lieu, l&#8217;analyse sensible du paysage en vue de construire un projet de territoire et la participation des acteurs locaux), la Malle Vagabonde est destin\u00e9e aux Grands Sites de France, labellis\u00e9s ou en projet, ou tout autre territoire ou collectivit\u00e9 souhaitant \u00e9toffer son\u00a0offre p\u00e9dagogique sur le th\u00e8me du paysage ou aborder la th\u00e9matique de lade la gestion durable d&#8217;un site aupr\u00e8s d&#8217;un public plus large (\u00e9lus, habitants, professionnels&#8230;).<\/span><\/p>\n<\/div>\n<\/div>\n<\/div>\n<\/div>\n<\/div>\n<\/div>\n<\/div>\n<p><img fetchpriority=\"high\" decoding=\"async\" class=\"wp-image-1513 aligncenter\" src=\"http:\/\/citemomes.fr\/wp-content\/uploads\/2018\/11\/visuel3-300x194.jpg\" alt=\"\" width=\"439\" height=\"284\" \/><\/p>\n<p><img decoding=\"async\" class=\"alignnone wp-image-1512 aligncenter\" src=\"http:\/\/citemomes.fr\/wp-content\/uploads\/2018\/11\/visuel1-300x200.jpg\" alt=\"\" width=\"290\" height=\"193\" \/> <img decoding=\"async\" class=\"alignnone wp-image-1514 aligncenter\" src=\"http:\/\/citemomes.fr\/wp-content\/uploads\/2018\/11\/visuel5-225x300.jpg\" alt=\"\" width=\"143\" height=\"191\" \/><\/p>\n<p>&nbsp;<\/p>\n<p style=\"text-align: center;\"><strong><em><span style=\"color: #000000;\">Le document de pr\u00e9sentation est disponible en t\u00e9l\u00e9chargement ci-dessous (cliquez sur l&#8217;image) !<\/span><\/em><\/strong><\/p>\n<p><a href=\"http:\/\/citemomes.fr\/wp-content\/uploads\/2018\/11\/Mallevagabondecom2018bisoff.pdf\"><img loading=\"lazy\" decoding=\"async\" class=\" wp-image-1515 aligncenter\" src=\"http:\/\/citemomes.fr\/wp-content\/uploads\/2018\/11\/Capture-d\u2019\u00e9cran-2019-03-14-\u00e0-00.37.16-213x300.png\" alt=\"\" width=\"264\" height=\"372\" \/><\/a><\/p>\n<p>&nbsp;<\/p>\n<p style=\"text-align: center;\"><span style=\"color: #000000;\"><strong><em>Devis disponible sur demande, par t\u00e9l\u00e9phone ou par mail.\u2028\u00a0<\/em><\/strong><\/span><\/p>\n<p>&nbsp;<\/p>\n","protected":false},"excerpt":{"rendered":"<p>Laur\u00e9ate des Palmes du Tourisme Durable, La Malle Vagabonde des Grands Sites de France\u00a0a pour objectif principal de sensibiliser au paysage. Par des entr\u00e9es sensorielles, artistiques ou interactives, elle est une invitation au voyage, \u00e0 une d\u00e9couverte du paysage dans tous les sens ! Elle se balade, elle vient \u00e0 la rencontre des visiteurs, petits&hellip; <a href=\"https:\/\/particuliers.citemomes.fr\/index.php\/malles-vagabondes\/\" class=\"more-link\">Lire la suite <span class=\"screen-reader-text\">Malles Vagabondes<\/span><\/a><\/p>\n","protected":false},"author":1,"featured_media":0,"parent":0,"menu_order":0,"comment_status":"closed","ping_status":"closed","template":"","meta":[],"yoast_head":"<!-- This site is optimized with the Yoast SEO plugin v20.0 - https:\/\/yoast.com\/wordpress\/plugins\/seo\/ -->\n<title>Malles Vagabondes -<\/title>\n<meta name=\"robots\" content=\"index, follow, max-snippet:-1, max-image-preview:large, max-video-preview:-1\" \/>\n<link rel=\"canonical\" href=\"https:\/\/particuliers.citemomes.fr\/index.php\/malles-vagabondes\/\" \/>\n<meta property=\"og:locale\" content=\"fr_FR\" \/>\n<meta property=\"og:type\" content=\"article\" \/>\n<meta property=\"og:title\" content=\"Malles Vagabondes -\" \/>\n<meta property=\"og:description\" content=\"Laur\u00e9ate des Palmes du Tourisme Durable, La Malle Vagabonde des Grands Sites de France\u00a0a pour objectif principal de sensibiliser au paysage. Par des entr\u00e9es sensorielles, artistiques ou interactives, elle est une invitation au voyage, \u00e0 une d\u00e9couverte du paysage dans tous les sens ! Elle se balade, elle vient \u00e0 la rencontre des visiteurs, petits&hellip; Lire la suite Malles Vagabondes\" \/>\n<meta property=\"og:url\" content=\"https:\/\/particuliers.citemomes.fr\/index.php\/malles-vagabondes\/\" \/>\n<meta property=\"og:image\" content=\"http:\/\/citemomes.fr\/wp-content\/uploads\/2018\/11\/visuel3-300x194.jpg\" \/>\n<meta name=\"twitter:card\" content=\"summary_large_image\" \/>\n<meta name=\"twitter:label1\" content=\"Dur\u00e9e de lecture estim\u00e9e\" \/>\n\t<meta name=\"twitter:data1\" content=\"1 minute\" \/>\n<script type=\"application\/ld+json\" class=\"yoast-schema-graph\">{\"@context\":\"https:\/\/schema.org\",\"@graph\":[{\"@type\":\"WebPage\",\"@id\":\"https:\/\/particuliers.citemomes.fr\/index.php\/malles-vagabondes\/\",\"url\":\"https:\/\/particuliers.citemomes.fr\/index.php\/malles-vagabondes\/\",\"name\":\"Malles Vagabondes -\",\"isPartOf\":{\"@id\":\"http:\/\/particuliers.citemomes.fr\/#website\"},\"datePublished\":\"2019-05-09T08:31:02+00:00\",\"dateModified\":\"2019-05-09T08:31:02+00:00\",\"breadcrumb\":{\"@id\":\"https:\/\/particuliers.citemomes.fr\/index.php\/malles-vagabondes\/#breadcrumb\"},\"inLanguage\":\"fr-FR\",\"potentialAction\":[{\"@type\":\"ReadAction\",\"target\":[\"https:\/\/particuliers.citemomes.fr\/index.php\/malles-vagabondes\/\"]}]},{\"@type\":\"BreadcrumbList\",\"@id\":\"https:\/\/particuliers.citemomes.fr\/index.php\/malles-vagabondes\/#breadcrumb\",\"itemListElement\":[{\"@type\":\"ListItem\",\"position\":1,\"name\":\"Accueil\",\"item\":\"https:\/\/particuliers.citemomes.fr\/\"},{\"@type\":\"ListItem\",\"position\":2,\"name\":\"Malles Vagabondes\"}]},{\"@type\":\"WebSite\",\"@id\":\"http:\/\/particuliers.citemomes.fr\/#website\",\"url\":\"http:\/\/particuliers.citemomes.fr\/\",\"name\":\"\",\"description\":\"D\u00e9couvrir, cr\u00e9er, r\u00eaver !\",\"potentialAction\":[{\"@type\":\"SearchAction\",\"target\":{\"@type\":\"EntryPoint\",\"urlTemplate\":\"http:\/\/particuliers.citemomes.fr\/?s={search_term_string}\"},\"query-input\":\"required name=search_term_string\"}],\"inLanguage\":\"fr-FR\"}]}<\/script>\n<!-- \/ Yoast SEO plugin. -->","yoast_head_json":{"title":"Malles Vagabondes -","robots":{"index":"index","follow":"follow","max-snippet":"max-snippet:-1","max-image-preview":"max-image-preview:large","max-video-preview":"max-video-preview:-1"},"canonical":"https:\/\/particuliers.citemomes.fr\/index.php\/malles-vagabondes\/","og_locale":"fr_FR","og_type":"article","og_title":"Malles Vagabondes -","og_description":"Laur\u00e9ate des Palmes du Tourisme Durable, La Malle Vagabonde des Grands Sites de France\u00a0a pour objectif principal de sensibiliser au paysage. Par des entr\u00e9es sensorielles, artistiques ou interactives, elle est une invitation au voyage, \u00e0 une d\u00e9couverte du paysage dans tous les sens ! Elle se balade, elle vient \u00e0 la rencontre des visiteurs, petits&hellip; Lire la suite Malles Vagabondes","og_url":"https:\/\/particuliers.citemomes.fr\/index.php\/malles-vagabondes\/","og_image":[{"url":"http:\/\/citemomes.fr\/wp-content\/uploads\/2018\/11\/visuel3-300x194.jpg"}],"twitter_card":"summary_large_image","twitter_misc":{"Dur\u00e9e de lecture estim\u00e9e":"1 minute"},"schema":{"@context":"https:\/\/schema.org","@graph":[{"@type":"WebPage","@id":"https:\/\/particuliers.citemomes.fr\/index.php\/malles-vagabondes\/","url":"https:\/\/particuliers.citemomes.fr\/index.php\/malles-vagabondes\/","name":"Malles Vagabondes -","isPartOf":{"@id":"http:\/\/particuliers.citemomes.fr\/#website"},"datePublished":"2019-05-09T08:31:02+00:00","dateModified":"2019-05-09T08:31:02+00:00","breadcrumb":{"@id":"https:\/\/particuliers.citemomes.fr\/index.php\/malles-vagabondes\/#breadcrumb"},"inLanguage":"fr-FR","potentialAction":[{"@type":"ReadAction","target":["https:\/\/particuliers.citemomes.fr\/index.php\/malles-vagabondes\/"]}]},{"@type":"BreadcrumbList","@id":"https:\/\/particuliers.citemomes.fr\/index.php\/malles-vagabondes\/#breadcrumb","itemListElement":[{"@type":"ListItem","position":1,"name":"Accueil","item":"https:\/\/particuliers.citemomes.fr\/"},{"@type":"ListItem","position":2,"name":"Malles Vagabondes"}]},{"@type":"WebSite","@id":"http:\/\/particuliers.citemomes.fr\/#website","url":"http:\/\/particuliers.citemomes.fr\/","name":"","description":"D\u00e9couvrir, cr\u00e9er, r\u00eaver !","potentialAction":[{"@type":"SearchAction","target":{"@type":"EntryPoint","urlTemplate":"http:\/\/particuliers.citemomes.fr\/?s={search_term_string}"},"query-input":"required name=search_term_string"}],"inLanguage":"fr-FR"}]}},"_links":{"self":[{"href":"https:\/\/particuliers.citemomes.fr\/index.php\/wp-json\/wp\/v2\/pages\/1595"}],"collection":[{"href":"https:\/\/particuliers.citemomes.fr\/index.php\/wp-json\/wp\/v2\/pages"}],"about":[{"href":"https:\/\/particuliers.citemomes.fr\/index.php\/wp-json\/wp\/v2\/types\/page"}],"author":[{"embeddable":true,"href":"https:\/\/particuliers.citemomes.fr\/index.php\/wp-json\/wp\/v2\/users\/1"}],"replies":[{"embeddable":true,"href":"https:\/\/particuliers.citemomes.fr\/index.php\/wp-json\/wp\/v2\/comments?post=1595"}],"version-history":[{"count":0,"href":"https:\/\/particuliers.citemomes.fr\/index.php\/wp-json\/wp\/v2\/pages\/1595\/revisions"}],"wp:attachment":[{"href":"https:\/\/particuliers.citemomes.fr\/index.php\/wp-json\/wp\/v2\/media?parent=1595"}],"curies":[{"name":"wp","href":"https:\/\/api.w.org\/{rel}","templated":true}]}}