{"id":1611,"date":"2019-05-09T10:20:19","date_gmt":"2019-05-09T09:20:19","guid":{"rendered":"http:\/\/citemomes.fr\/?page_id=1611"},"modified":"2019-05-09T10:20:19","modified_gmt":"2019-05-09T09:20:19","slug":"animation-et-mediation","status":"publish","type":"page","link":"https:\/\/particuliers.citemomes.fr\/index.php\/animation-et-mediation\/","title":{"rendered":"Animation et m\u00e9diation"},"content":{"rendered":"<p><span style=\"color: #000000;\">Sp\u00e9cialistes en <strong>animation<\/strong> et <strong>m\u00e9diation<\/strong> <strong>culturelle<\/strong>, nous vous proposons de nombreuses prestations allant de l&#8217;atelier cr\u00e9atif \u00e0 l&#8217;animation \u00e9v\u00e8nementielle.\u00a0D\u00e9couvrez nos champs d&#8217;action en d\u00e9tail ci-dessous :<\/span><\/p>\n<ol>\n<li><span style=\"color: #000000;\"><a style=\"color: #000000;\" href=\"http:\/\/citemomes.fr\/les-ateliers\/\">Ateliers cr\u00e9atifs<\/a><\/span><\/li>\n<li><span style=\"color: #000000;\"><a style=\"color: #000000;\" href=\"http:\/\/citemomes.fr\/les-valises-curieuses\/\">Les valises curieuses<\/a><\/span><\/li>\n<li><span style=\"color: #000000;\"><a style=\"color: #000000;\" href=\"http:\/\/citemomes.fr\/les-arbres-a-boites\/\">Les arbres \u00e0 bo\u00eetes<\/a><\/span><\/li>\n<li><span style=\"color: #000000;\"><a style=\"color: #000000;\" href=\"http:\/\/citemomes.fr\/malles-vagabondes\/\">La Malle Vagabonde<\/a><\/span><\/li>\n<li><span style=\"color: #000000;\"><a style=\"color: #000000;\" href=\"http:\/\/citemomes.fr\/spectacles-et-animations\/\">Animation \/ \u00e9v\u00e8nementiels<\/a><\/span><\/li>\n<\/ol>\n<p style=\"text-align: center;\"><span style=\"color: #000000;\"><em>Nos diff\u00e9rents devis sont disponibles sur demande, par t\u00e9l\u00e9phone ou par mail.\u2028 N\u2019h\u00e9sitez pas \u00e0 nous contacter pour r\u00e9fl\u00e9chir ensemble \u00e0 vos projets !<\/em><\/span><\/p>\n","protected":false},"excerpt":{"rendered":"<p>Sp\u00e9cialistes en animation et m\u00e9diation culturelle, nous vous proposons de nombreuses prestations allant de l&#8217;atelier cr\u00e9atif \u00e0 l&#8217;animation \u00e9v\u00e8nementielle.\u00a0D\u00e9couvrez nos champs d&#8217;action en d\u00e9tail ci-dessous : Ateliers cr\u00e9atifs Les valises curieuses Les arbres \u00e0 bo\u00eetes La Malle Vagabonde Animation \/ \u00e9v\u00e8nementiels Nos diff\u00e9rents devis sont disponibles sur demande, par t\u00e9l\u00e9phone ou par mail.\u2028 N\u2019h\u00e9sitez pas&hellip; <a href=\"https:\/\/particuliers.citemomes.fr\/index.php\/animation-et-mediation\/\" class=\"more-link\">Lire la suite <span class=\"screen-reader-text\">Animation et m\u00e9diation<\/span><\/a><\/p>\n","protected":false},"author":1,"featured_media":0,"parent":0,"menu_order":0,"comment_status":"closed","ping_status":"closed","template":"","meta":[],"yoast_head":"<!-- This site is optimized with the Yoast SEO plugin v20.0 - https:\/\/yoast.com\/wordpress\/plugins\/seo\/ -->\n<title>Animation et m\u00e9diation -<\/title>\n<meta name=\"robots\" content=\"index, follow, max-snippet:-1, max-image-preview:large, max-video-preview:-1\" \/>\n<link rel=\"canonical\" href=\"https:\/\/particuliers.citemomes.fr\/index.php\/animation-et-mediation\/\" \/>\n<meta property=\"og:locale\" content=\"fr_FR\" \/>\n<meta property=\"og:type\" content=\"article\" \/>\n<meta property=\"og:title\" content=\"Animation et m\u00e9diation -\" \/>\n<meta property=\"og:description\" content=\"Sp\u00e9cialistes en animation et m\u00e9diation culturelle, nous vous proposons de nombreuses prestations allant de l&#8217;atelier cr\u00e9atif \u00e0 l&#8217;animation \u00e9v\u00e8nementielle.\u00a0D\u00e9couvrez nos champs d&#8217;action en d\u00e9tail ci-dessous : Ateliers cr\u00e9atifs Les valises curieuses Les arbres \u00e0 bo\u00eetes La Malle Vagabonde Animation \/ \u00e9v\u00e8nementiels Nos diff\u00e9rents devis sont disponibles sur demande, par t\u00e9l\u00e9phone ou par mail.\u2028 N\u2019h\u00e9sitez pas&hellip; Lire la suite Animation et m\u00e9diation\" \/>\n<meta property=\"og:url\" content=\"https:\/\/particuliers.citemomes.fr\/index.php\/animation-et-mediation\/\" \/>\n<meta name=\"twitter:card\" content=\"summary_large_image\" \/>\n<script type=\"application\/ld+json\" class=\"yoast-schema-graph\">{\"@context\":\"https:\/\/schema.org\",\"@graph\":[{\"@type\":\"WebPage\",\"@id\":\"https:\/\/particuliers.citemomes.fr\/index.php\/animation-et-mediation\/\",\"url\":\"https:\/\/particuliers.citemomes.fr\/index.php\/animation-et-mediation\/\",\"name\":\"Animation et m\u00e9diation -\",\"isPartOf\":{\"@id\":\"http:\/\/particuliers.citemomes.fr\/#website\"},\"datePublished\":\"2019-05-09T09:20:19+00:00\",\"dateModified\":\"2019-05-09T09:20:19+00:00\",\"breadcrumb\":{\"@id\":\"https:\/\/particuliers.citemomes.fr\/index.php\/animation-et-mediation\/#breadcrumb\"},\"inLanguage\":\"fr-FR\",\"potentialAction\":[{\"@type\":\"ReadAction\",\"target\":[\"https:\/\/particuliers.citemomes.fr\/index.php\/animation-et-mediation\/\"]}]},{\"@type\":\"BreadcrumbList\",\"@id\":\"https:\/\/particuliers.citemomes.fr\/index.php\/animation-et-mediation\/#breadcrumb\",\"itemListElement\":[{\"@type\":\"ListItem\",\"position\":1,\"name\":\"Accueil\",\"item\":\"https:\/\/particuliers.citemomes.fr\/\"},{\"@type\":\"ListItem\",\"position\":2,\"name\":\"Animation et m\u00e9diation\"}]},{\"@type\":\"WebSite\",\"@id\":\"http:\/\/particuliers.citemomes.fr\/#website\",\"url\":\"http:\/\/particuliers.citemomes.fr\/\",\"name\":\"\",\"description\":\"D\u00e9couvrir, cr\u00e9er, r\u00eaver !\",\"potentialAction\":[{\"@type\":\"SearchAction\",\"target\":{\"@type\":\"EntryPoint\",\"urlTemplate\":\"http:\/\/particuliers.citemomes.fr\/?s={search_term_string}\"},\"query-input\":\"required name=search_term_string\"}],\"inLanguage\":\"fr-FR\"}]}<\/script>\n<!-- \/ Yoast SEO plugin. -->","yoast_head_json":{"title":"Animation et m\u00e9diation -","robots":{"index":"index","follow":"follow","max-snippet":"max-snippet:-1","max-image-preview":"max-image-preview:large","max-video-preview":"max-video-preview:-1"},"canonical":"https:\/\/particuliers.citemomes.fr\/index.php\/animation-et-mediation\/","og_locale":"fr_FR","og_type":"article","og_title":"Animation et m\u00e9diation -","og_description":"Sp\u00e9cialistes en animation et m\u00e9diation culturelle, nous vous proposons de nombreuses prestations allant de l&#8217;atelier cr\u00e9atif \u00e0 l&#8217;animation \u00e9v\u00e8nementielle.\u00a0D\u00e9couvrez nos champs d&#8217;action en d\u00e9tail ci-dessous : Ateliers cr\u00e9atifs Les valises curieuses Les arbres \u00e0 bo\u00eetes La Malle Vagabonde Animation \/ \u00e9v\u00e8nementiels Nos diff\u00e9rents devis sont disponibles sur demande, par t\u00e9l\u00e9phone ou par mail.\u2028 N\u2019h\u00e9sitez pas&hellip; Lire la suite Animation et m\u00e9diation","og_url":"https:\/\/particuliers.citemomes.fr\/index.php\/animation-et-mediation\/","twitter_card":"summary_large_image","schema":{"@context":"https:\/\/schema.org","@graph":[{"@type":"WebPage","@id":"https:\/\/particuliers.citemomes.fr\/index.php\/animation-et-mediation\/","url":"https:\/\/particuliers.citemomes.fr\/index.php\/animation-et-mediation\/","name":"Animation et m\u00e9diation -","isPartOf":{"@id":"http:\/\/particuliers.citemomes.fr\/#website"},"datePublished":"2019-05-09T09:20:19+00:00","dateModified":"2019-05-09T09:20:19+00:00","breadcrumb":{"@id":"https:\/\/particuliers.citemomes.fr\/index.php\/animation-et-mediation\/#breadcrumb"},"inLanguage":"fr-FR","potentialAction":[{"@type":"ReadAction","target":["https:\/\/particuliers.citemomes.fr\/index.php\/animation-et-mediation\/"]}]},{"@type":"BreadcrumbList","@id":"https:\/\/particuliers.citemomes.fr\/index.php\/animation-et-mediation\/#breadcrumb","itemListElement":[{"@type":"ListItem","position":1,"name":"Accueil","item":"https:\/\/particuliers.citemomes.fr\/"},{"@type":"ListItem","position":2,"name":"Animation et m\u00e9diation"}]},{"@type":"WebSite","@id":"http:\/\/particuliers.citemomes.fr\/#website","url":"http:\/\/particuliers.citemomes.fr\/","name":"","description":"D\u00e9couvrir, cr\u00e9er, r\u00eaver !","potentialAction":[{"@type":"SearchAction","target":{"@type":"EntryPoint","urlTemplate":"http:\/\/particuliers.citemomes.fr\/?s={search_term_string}"},"query-input":"required name=search_term_string"}],"inLanguage":"fr-FR"}]}},"_links":{"self":[{"href":"https:\/\/particuliers.citemomes.fr\/index.php\/wp-json\/wp\/v2\/pages\/1611"}],"collection":[{"href":"https:\/\/particuliers.citemomes.fr\/index.php\/wp-json\/wp\/v2\/pages"}],"about":[{"href":"https:\/\/particuliers.citemomes.fr\/index.php\/wp-json\/wp\/v2\/types\/page"}],"author":[{"embeddable":true,"href":"https:\/\/particuliers.citemomes.fr\/index.php\/wp-json\/wp\/v2\/users\/1"}],"replies":[{"embeddable":true,"href":"https:\/\/particuliers.citemomes.fr\/index.php\/wp-json\/wp\/v2\/comments?post=1611"}],"version-history":[{"count":0,"href":"https:\/\/particuliers.citemomes.fr\/index.php\/wp-json\/wp\/v2\/pages\/1611\/revisions"}],"wp:attachment":[{"href":"https:\/\/particuliers.citemomes.fr\/index.php\/wp-json\/wp\/v2\/media?parent=1611"}],"curies":[{"name":"wp","href":"https:\/\/api.w.org\/{rel}","templated":true}]}}