{"id":164,"date":"2021-03-03T16:19:01","date_gmt":"2021-03-03T15:19:01","guid":{"rendered":"http:\/\/particuliers.citemomes.fr\/?page_id=164"},"modified":"2025-08-28T11:14:54","modified_gmt":"2025-08-28T09:14:54","slug":"ateliers-du-mercredi","status":"publish","type":"page","link":"https:\/\/particuliers.citemomes.fr\/index.php\/ateliers-du-mercredi\/","title":{"rendered":"Le mercredi"},"content":{"rendered":"\t\t<div data-elementor-type=\"wp-page\" data-elementor-id=\"164\" class=\"elementor elementor-164\">\n\t\t\t\t\t\t<section class=\"elementor-section elementor-top-section elementor-element elementor-element-48fbd34 elementor-hidden-tablet elementor-hidden-mobile elementor-section-boxed elementor-section-height-default elementor-section-height-default\" data-id=\"48fbd34\" data-element_type=\"section\">\n\t\t\t\t\t\t<div class=\"elementor-container elementor-column-gap-default\">\n\t\t\t\t\t<div class=\"elementor-column elementor-col-100 elementor-top-column elementor-element elementor-element-2161e9f\" data-id=\"2161e9f\" data-element_type=\"column\">\n\t\t\t<div class=\"elementor-widget-wrap elementor-element-populated\">\n\t\t\t\t\t\t<div class=\"elementor-element elementor-element-e1c15f1 elementor-widget elementor-widget-text-editor\" data-id=\"e1c15f1\" data-element_type=\"widget\" data-widget_type=\"text-editor.default\">\n\t\t\t\t<div class=\"elementor-widget-container\">\n\t\t\t\t\t\t\t<p style=\"text-align: center;\"><strong style=\"font-size: 17px;\">\u00a0T<\/strong><b><span style=\"font-size: 17px;\">oute l&#8217;ann\u00e9e scolaire<\/span><span style=\"font-size: 17px;\">, nous proposons des ateliers d\u2019arts-plastiques <\/span><\/b><span style=\"font-size: 17px;\"><b>pour les petits artistes en herbe !<\/b><\/span><\/p><p style=\"text-align: center;\"><span style=\"font-size: 17px;\">\u00a0De la <\/span><strong style=\"font-size: 17px;\">peinture<\/strong><span style=\"font-size: 17px;\">, du <\/span><strong style=\"font-size: 17px;\">dessin<\/strong><span style=\"font-size: 17px;\">, du <\/span><strong style=\"font-size: 17px;\">bricolage<\/strong><span style=\"font-size: 17px;\"> et plein d\u2019autres <\/span><strong style=\"font-size: 17px;\">surprises<\/strong><span style=\"font-size: 17px;\"> pour passer une super ann\u00e9e cr\u00e9ative&#8230;\u00a0<\/span><span style=\"font-size: 17px;\">Et \u00e9colo ! Car chez <\/span><em style=\"font-size: 17px;\"><strong>Cit\u00e9m\u00f4mes<\/strong><\/em><span style=\"font-size: 17px;\">, la r\u00e9cup&#8217; est de mise ! <\/span><img decoding=\"async\" class=\"emoji\" style=\"background-color: #ffffff;\" role=\"img\" draggable=\"false\" src=\"https:\/\/s.w.org\/images\/core\/emoji\/13.1.0\/svg\/267b.svg\" alt=\"\u267b\ufe0f\" \/><\/p><p style=\"text-align: center;\"><span style=\"color: #ffffff;\">j<\/span><\/p><p><strong><span style=\"text-decoration: underline;\">Les avantages des ateliers \u00e0 l&#8217;ann\u00e9e<\/span> :<\/strong><\/p><p><span style=\"color: #008080;\">\u2022\u00a0<\/span><span style=\"font-weight: 400; color: #000000;\">De supers projets men\u00e9s sur plusieurs s\u00e9ances et donc, une continuit\u00e9,<\/span><\/p><p><span style=\"font-weight: 400; color: #000000;\"><span style=\"color: #008080;\">\u2022<\/span> La d\u00e9couverte, \u00e0 chaque s\u00e9ance, de <strong>nouveaux mat\u00e9riaux et techniques<\/strong>,<\/span><\/p><p><span style=\"color: #008080;\">\u2022<\/span>\u00a0<span style=\"font-weight: 400; color: #000000;\">Une <\/span><span style=\"color: #000000;\"><b>exposition <\/b><\/span><span style=\"font-weight: 400; color: #000000;\">des travaux\u00a0des enfants en fin d\u2019ann\u00e9e,<\/span><\/p><p><span style=\"font-weight: 400; color: #000000;\">\u00a0<\/span><\/p><p><img fetchpriority=\"high\" decoding=\"async\" class=\"aligncenter wp-image-4538 size-full\" src=\"http:\/\/particuliers.citemomes.fr\/wp-content\/uploads\/2021\/11\/Capture-de\u0301cran-2021-11-09-a\u0300-16.24.44-1.png\" alt=\"\" width=\"3512\" height=\"890\" srcset=\"https:\/\/particuliers.citemomes.fr\/wp-content\/uploads\/2021\/11\/Capture-de\u0301cran-2021-11-09-a\u0300-16.24.44-1.png 3512w, https:\/\/particuliers.citemomes.fr\/wp-content\/uploads\/2021\/11\/Capture-de\u0301cran-2021-11-09-a\u0300-16.24.44-1-300x76.png 300w, https:\/\/particuliers.citemomes.fr\/wp-content\/uploads\/2021\/11\/Capture-de\u0301cran-2021-11-09-a\u0300-16.24.44-1-1024x259.png 1024w, https:\/\/particuliers.citemomes.fr\/wp-content\/uploads\/2021\/11\/Capture-de\u0301cran-2021-11-09-a\u0300-16.24.44-1-768x195.png 768w, https:\/\/particuliers.citemomes.fr\/wp-content\/uploads\/2021\/11\/Capture-de\u0301cran-2021-11-09-a\u0300-16.24.44-1-1536x389.png 1536w, https:\/\/particuliers.citemomes.fr\/wp-content\/uploads\/2021\/11\/Capture-de\u0301cran-2021-11-09-a\u0300-16.24.44-1-2048x519.png 2048w\" sizes=\"(max-width: 3512px) 100vw, 3512px\" \/><\/p><p><span style=\"font-weight: 400; color: #000000;\">\u00a0<\/span><\/p>\t\t\t\t\t\t<\/div>\n\t\t\t\t<\/div>\n\t\t\t\t<div class=\"elementor-element elementor-element-f68a3a6 elementor-widget elementor-widget-text-editor\" data-id=\"f68a3a6\" data-element_type=\"widget\" data-widget_type=\"text-editor.default\">\n\t\t\t\t<div class=\"elementor-widget-container\">\n\t\t\t\t\t\t\t<p style=\"text-align: center;\"><strong><span style=\"color: #000000;\"><u>Quand<\/u> ?<\/span><\/strong><\/p>\n<p style=\"text-align: center;\"><span style=\"font-size: 17px; color: #000000;\">* Le mercredi de <span style=\"color: #008080;\"><strong>10h<\/strong><\/span> \u00e0<strong><span style=\"color: #008080;\"> 11h30<\/span><\/strong>*<\/span><\/p>\n<p style=\"text-align: center;\"><span style=\"font-size: 17px; color: #000000;\">&nbsp;<i>*avec possibilit\u00e9 d\u2019accueillir l<\/i><\/span><span style=\"font-size: 17px; color: #000000;\"><i>es enfants dans nos locaux jusqu\u2019\u00e0 1\/2 heure avant et apr\u00e8s chaque atelier !&nbsp;<\/i><\/span><\/p>\n<p style=\"text-align: center;\"><span style=\"font-style: italic; font-size: 17px; color: #000000;\">Au programme pour patienter : coin lecture et expositions ! <\/span><img decoding=\"async\" class=\"emoji\" style=\"background-color: #ffffff; color: #000000;\" role=\"img\" draggable=\"false\" src=\"https:\/\/s.w.org\/images\/core\/emoji\/13.1.0\/svg\/1f60a.svg\" alt=\"\ud83d\ude0a\"><\/p>\n<p style=\"text-align: center;\"><span style=\"color: #000000;\">&nbsp;<\/span><span style=\"color: #000000; font-size: 17px;\">Les ateliers d\u00e9butent&nbsp;<\/span><strong style=\"color: #000000; font-size: 17px;\">fin septembre<\/strong><span style=\"color: #000000; font-size: 17px;\"> pour finir <\/span><strong style=\"color: #000000; font-size: 17px;\">d\u00e9but juin<\/strong><span style=\"color: #000000; font-size: 17px;\">.<\/span><\/p>\t\t\t\t\t\t<\/div>\n\t\t\t\t<\/div>\n\t\t\t\t<div class=\"elementor-element elementor-element-eec7d12 elementor-align-center elementor-widget elementor-widget-button\" data-id=\"eec7d12\" data-element_type=\"widget\" data-widget_type=\"button.default\">\n\t\t\t\t<div class=\"elementor-widget-container\">\n\t\t\t\t\t<div class=\"elementor-button-wrapper\">\n\t\t\t<a class=\"elementor-button elementor-button-link elementor-size-sm\" href=\"https:\/\/www.helloasso.com\/associations\/citemomes\/evenements\/inscription-aux-ateliers-du-mercredi-2025-26?fbclid=IwY2xjawL5rCRleHRuA2FlbQIxMAABHpw2dprlOhFw4LicFoNgNUe12DsOA9KtcmMdpO6aZxylKayOdg_HN9d3R3Kp_aem_1TG_9ozXsWTyxZjS6uFI5w\">\n\t\t\t\t\t\t<span class=\"elementor-button-content-wrapper\">\n\t\t\t\t\t\t\t\t\t<span class=\"elementor-button-text\">Par ici les inscriptions !<\/span>\n\t\t\t\t\t<\/span>\n\t\t\t\t\t<\/a>\n\t\t<\/div>\n\t\t\t\t<\/div>\n\t\t\t\t<\/div>\n\t\t\t\t<div class=\"elementor-element elementor-element-fc1cff5 elementor-widget elementor-widget-text-editor\" data-id=\"fc1cff5\" data-element_type=\"widget\" data-widget_type=\"text-editor.default\">\n\t\t\t\t<div class=\"elementor-widget-container\">\n\t\t\t\t\t\t\t<p style=\"text-align: center;\"><b><span style=\"color: #000000;\">\u00a0<\/span><span style=\"color: #000000;\"><span style=\"text-decoration-line: underline;\">Tarif pour un an d\u2019atelier<\/span> : 400\u20ac*<\/span><\/b><\/p><p style=\"text-align: center;\"><span style=\"color: #000000;\"><i>*Paiement en 3x possible<\/i><\/span><span style=\"font-family: Roboto, sans-serif; font-size: 23px;\">\u00a0<\/span><\/p><p style=\"text-align: center;\"><span style=\"color: #000000;\"><img decoding=\"async\" style=\"color: #333333;\" src=\"http:\/\/particuliers.citemomes.fr\/wp-content\/uploads\/2021\/11\/IMG_1354.jpg\" alt=\"\" width=\"640\" height=\"580\" \/><\/span><\/p>\t\t\t\t\t\t<\/div>\n\t\t\t\t<\/div>\n\t\t\t\t\t<\/div>\n\t\t<\/div>\n\t\t\t\t\t<\/div>\n\t\t<\/section>\n\t\t\t\t<section class=\"elementor-section elementor-top-section elementor-element elementor-element-6ee1142 elementor-hidden-desktop elementor-section-boxed elementor-section-height-default elementor-section-height-default\" data-id=\"6ee1142\" data-element_type=\"section\">\n\t\t\t\t\t\t<div class=\"elementor-container elementor-column-gap-default\">\n\t\t\t\t\t<div class=\"elementor-column elementor-col-100 elementor-top-column elementor-element elementor-element-7013c84\" data-id=\"7013c84\" data-element_type=\"column\">\n\t\t\t<div class=\"elementor-widget-wrap elementor-element-populated\">\n\t\t\t\t\t\t<div class=\"elementor-element elementor-element-80264d0 elementor-widget elementor-widget-text-editor\" data-id=\"80264d0\" data-element_type=\"widget\" data-widget_type=\"text-editor.default\">\n\t\t\t\t<div class=\"elementor-widget-container\">\n\t\t\t\t\t\t\t<p style=\"text-align: center;\"><strong>Toute l\u2019ann\u00e9e scolaire, nous proposons des ateliers d\u2019arts-plastiques&nbsp;pour les petits artistes en herbe !&nbsp;<\/strong><\/p><p style=\"text-align: center;\"><span style=\"font-size: 12px;\">De la&nbsp;<strong>peinture<\/strong>, du&nbsp;<strong>dessin<\/strong>, du&nbsp;<strong>bricolage<\/strong>&nbsp;et plein d\u2019autres&nbsp;<strong>surprises<\/strong>&nbsp;pour passer une super ann\u00e9e cr\u00e9ative\u2026&nbsp;Et \u00e9colo ! Car chez&nbsp;<strong><em>Cit\u00e9m\u00f4mes<\/em><\/strong>, la r\u00e9cup\u2019 est de mise ! <img decoding=\"async\" draggable=\"false\" role=\"img\" class=\"emoji\" alt=\"\u267b\ufe0f\" src=\"https:\/\/s.w.org\/images\/core\/emoji\/14.0.0\/svg\/267b.svg\"><\/span><\/p><p style=\"text-align: center;\"><span style=\"font-size: 12px;\"><br><\/span><\/p>\n<p style=\"text-align: left;\"><span style=\"color: #000000;\"><strong><span style=\"text-decoration: underline;\">Les avantages des ateliers \u00e0 l&#8217;ann\u00e9e :<\/span><\/strong> <\/span><\/p>\n<p><span style=\"color: #008080;\">\u2022&nbsp;<\/span><span style=\"font-weight: 400; color: #000000;\">De supers projets men\u00e9s sur plusieurs s\u00e9ances et donc, une continuit\u00e9,<\/span><\/p>\n<p><span style=\"font-weight: 400; color: #000000;\"><span style=\"color: #008080;\">\u2022<\/span> La d\u00e9couverte, \u00e0 chaque s\u00e9ance, de <strong>nouveaux mat\u00e9riaux et techniques<\/strong>,<\/span><\/p>\n<p><span style=\"color: #008080;\">\u2022<\/span>&nbsp;<span style=\"font-weight: 400; color: #000000;\">Une exposition des travaux&nbsp;des enfants en fin d\u2019ann\u00e9e,<\/span><\/p>\n<p><span style=\"color: #008080;\">\u2022<\/span>&nbsp;<span style=\"color: #000000;\">La possibilit\u00e9 de b\u00e9n\u00e9ficier de l\u2019aide <a href=\"https:\/\/www.seinemaritime.fr\/vos-services\/sports\/dispositif-et-politique-sportive\/pass-jeunes-76.html\">Pass Jeunes 76<\/a> du D\u00e9partement de Seine-Maritime,<\/span><\/p>\n<p><span style=\"color: #008080;\">\u2022&nbsp;<\/span><span style=\"font-weight: 400; color: #000000;\">Un tarif unique sur les ateliers des vacances \u00e0 10\u20ac (au lieu de 12\u20ac) pour vos enfants et leurs proches&nbsp;<\/span><\/p>\t\t\t\t\t\t<\/div>\n\t\t\t\t<\/div>\n\t\t\t\t<div class=\"elementor-element elementor-element-9601dac elementor-widget elementor-widget-image\" data-id=\"9601dac\" data-element_type=\"widget\" data-widget_type=\"image.default\">\n\t\t\t\t<div class=\"elementor-widget-container\">\n\t\t\t\t\t\t\t\t\t\t\t\t\t<img decoding=\"async\" width=\"1024\" height=\"768\" src=\"https:\/\/particuliers.citemomes.fr\/wp-content\/uploads\/2021\/02\/Ateliers-mercredi-rouen.jpg\" class=\"attachment-full size-full wp-image-167\" alt=\"\" srcset=\"https:\/\/particuliers.citemomes.fr\/wp-content\/uploads\/2021\/02\/Ateliers-mercredi-rouen.jpg 1024w, https:\/\/particuliers.citemomes.fr\/wp-content\/uploads\/2021\/02\/Ateliers-mercredi-rouen-300x225.jpg 300w, https:\/\/particuliers.citemomes.fr\/wp-content\/uploads\/2021\/02\/Ateliers-mercredi-rouen-768x576.jpg 768w\" sizes=\"(max-width: 1024px) 100vw, 1024px\" \/>\t\t\t\t\t\t\t\t\t\t\t\t\t<\/div>\n\t\t\t\t<\/div>\n\t\t\t\t<div class=\"elementor-element elementor-element-a19073e elementor-widget elementor-widget-heading\" data-id=\"a19073e\" data-element_type=\"widget\" data-widget_type=\"heading.default\">\n\t\t\t\t<div class=\"elementor-widget-container\">\n\t\t\t<h3 class=\"elementor-heading-title elementor-size-default\"><b><u>Quand  ?<\/u><\/b><\/h3>\t\t<\/div>\n\t\t\t\t<\/div>\n\t\t\t\t<div class=\"elementor-element elementor-element-6c5f90e elementor-widget elementor-widget-text-editor\" data-id=\"6c5f90e\" data-element_type=\"widget\" data-widget_type=\"text-editor.default\">\n\t\t\t\t<div class=\"elementor-widget-container\">\n\t\t\t\t\t\t\t<p style=\"text-align: center;\">* Le mercredi de\u00a0<span style=\"color: #008080;\"><strong>10h<\/strong><\/span>\u00a0\u00e0<strong>\u00a0<span style=\"color: #008080;\">11h30<\/span><\/strong>, de\u00a0<strong><span style=\"color: #008080;\">14h<\/span>\u00a0<\/strong>\u00e0<strong>\u00a0<span style=\"color: #008080;\">15h30<\/span>\u00a0<\/strong>et de<strong>\u00a0<span style=\"color: #008080;\">16h15<\/span>\u00a0<\/strong>\u00e0\u00a0<span style=\"color: #008080;\"><strong>17h45<\/strong><\/span>*<\/p><p style=\"text-align: center;\">\u00a0<i>*avec possibilit\u00e9 d\u2019accueillir l<\/i><i>es enfants dans nos locaux jusqu\u2019\u00e0 1\/2 heure avant et apr\u00e8s chaque atelier !\u00a0<\/i>Au programme pour patienter : coin lecture et jeux de soci\u00e9t\u00e9 ! <img decoding=\"async\" class=\"emoji\" role=\"img\" draggable=\"false\" src=\"https:\/\/s.w.org\/images\/core\/emoji\/14.0.0\/svg\/1f60a.svg\" alt=\"\ud83d\ude0a\" \/><br \/><br \/><\/p><p style=\"text-align: center;\">\u00a0<\/p><p style=\"text-align: center;\">Les ateliers d\u00e9butent\u00a0<strong>fin septembre<\/strong>\u00a0pour finir\u00a0<strong>d\u00e9but juin<\/strong>.\u00a0<\/p><p style=\"text-align: center;\">\u00a0<\/p><p style=\"text-align: center;\">\u00a0<\/p><p style=\"text-align: center;\"><b><u>Tarif unit\u00e9<\/u> :<\/b>\u00a0<strong style=\"text-align: justify; font-size: 11px; font-family: Roboto, sans-serif;\">12\u20ac<\/strong><span style=\"text-align: justify; font-family: Roboto, sans-serif; font-size: 11px;\">\u00a0par enfant<\/span><\/p><p style=\"text-align: center;\"><b>\u00a0<u>Tarif pour un an d\u2019atelier<\/u>\u00a0: 330\u20ac*<\/b><\/p><p style=\"text-align: center;\"><i>*Paiement en 3x possible<\/i>\u00a0<\/p>\t\t\t\t\t\t<\/div>\n\t\t\t\t<\/div>\n\t\t\t\t<div class=\"elementor-element elementor-element-a98ef77 elementor-widget elementor-widget-image\" data-id=\"a98ef77\" data-element_type=\"widget\" data-widget_type=\"image.default\">\n\t\t\t\t<div class=\"elementor-widget-container\">\n\t\t\t\t\t\t\t\t\t\t\t\t\t<img decoding=\"async\" src=\"https:\/\/particuliers.citemomes.fr\/wp-content\/uploads\/2021\/11\/IMG_1354.jpg\" title=\"\" alt=\"\" loading=\"lazy\" \/>\t\t\t\t\t\t\t\t\t\t\t\t\t<\/div>\n\t\t\t\t<\/div>\n\t\t\t\t\t<\/div>\n\t\t<\/div>\n\t\t\t\t\t<\/div>\n\t\t<\/section>\n\t\t\t\t<\/div>\n\t\t","protected":false},"excerpt":{"rendered":"<p>\u00a0Toute l&#8217;ann\u00e9e scolaire, nous proposons des ateliers d\u2019arts-plastiques pour les petits artistes en herbe ! \u00a0De la peinture, du dessin, du bricolage et plein d\u2019autres surprises pour passer une super ann\u00e9e cr\u00e9ative&#8230;\u00a0Et \u00e9colo ! Car chez Cit\u00e9m\u00f4mes, la r\u00e9cup&#8217; est de mise ! j Les avantages des ateliers \u00e0 l&#8217;ann\u00e9e : \u2022\u00a0De supers projets men\u00e9s&hellip; <a href=\"https:\/\/particuliers.citemomes.fr\/index.php\/ateliers-du-mercredi\/\" class=\"more-link\">Lire la suite <span class=\"screen-reader-text\">Le mercredi<\/span><\/a><\/p>\n","protected":false},"author":1,"featured_media":0,"parent":0,"menu_order":0,"comment_status":"closed","ping_status":"closed","template":"elementor_header_footer","meta":[],"yoast_head":"<!-- This site is optimized with the Yoast SEO plugin v20.0 - https:\/\/yoast.com\/wordpress\/plugins\/seo\/ -->\n<title>Les ateliers cr\u00e9atifs du mercredi - Cit\u00e9m\u00f4mes<\/title>\n<meta name=\"description\" content=\"Cit\u00e9m\u00f4mes propose des ateliers d\u2019arts-plastiques annuels pour les petits curieux : de la peinture, du dessin, du bricolage et plein d\u2019autres surprises pour passer une super ann\u00e9e cr\u00e9ative !\" \/>\n<meta name=\"robots\" content=\"index, follow, max-snippet:-1, max-image-preview:large, max-video-preview:-1\" \/>\n<link rel=\"canonical\" href=\"https:\/\/particuliers.citemomes.fr\/index.php\/ateliers-du-mercredi\/\" \/>\n<meta property=\"og:locale\" content=\"fr_FR\" \/>\n<meta property=\"og:type\" content=\"article\" \/>\n<meta property=\"og:title\" content=\"Les ateliers cr\u00e9atifs du mercredi - Cit\u00e9m\u00f4mes\" \/>\n<meta property=\"og:description\" content=\"Cit\u00e9m\u00f4mes propose des ateliers d\u2019arts-plastiques annuels pour les petits curieux : de la peinture, du dessin, du bricolage et plein d\u2019autres surprises pour passer une super ann\u00e9e cr\u00e9ative !\" \/>\n<meta property=\"og:url\" content=\"https:\/\/particuliers.citemomes.fr\/index.php\/ateliers-du-mercredi\/\" \/>\n<meta property=\"article:modified_time\" content=\"2025-08-28T09:14:54+00:00\" \/>\n<meta property=\"og:image\" content=\"https:\/\/s.w.org\/images\/core\/emoji\/13.1.0\/svg\/267b.svg\" \/>\n<meta name=\"twitter:card\" content=\"summary_large_image\" \/>\n<meta name=\"twitter:label1\" content=\"Dur\u00e9e de lecture estim\u00e9e\" \/>\n\t<meta name=\"twitter:data1\" content=\"4 minutes\" \/>\n<script type=\"application\/ld+json\" class=\"yoast-schema-graph\">{\"@context\":\"https:\/\/schema.org\",\"@graph\":[{\"@type\":\"WebPage\",\"@id\":\"https:\/\/particuliers.citemomes.fr\/index.php\/ateliers-du-mercredi\/\",\"url\":\"https:\/\/particuliers.citemomes.fr\/index.php\/ateliers-du-mercredi\/\",\"name\":\"Les ateliers cr\u00e9atifs du mercredi - Cit\u00e9m\u00f4mes\",\"isPartOf\":{\"@id\":\"http:\/\/particuliers.citemomes.fr\/#website\"},\"datePublished\":\"2021-03-03T15:19:01+00:00\",\"dateModified\":\"2025-08-28T09:14:54+00:00\",\"description\":\"Cit\u00e9m\u00f4mes propose des ateliers d\u2019arts-plastiques annuels pour les petits curieux : de la peinture, du dessin, du bricolage et plein d\u2019autres surprises pour passer une super ann\u00e9e cr\u00e9ative !\",\"breadcrumb\":{\"@id\":\"https:\/\/particuliers.citemomes.fr\/index.php\/ateliers-du-mercredi\/#breadcrumb\"},\"inLanguage\":\"fr-FR\",\"potentialAction\":[{\"@type\":\"ReadAction\",\"target\":[\"https:\/\/particuliers.citemomes.fr\/index.php\/ateliers-du-mercredi\/\"]}]},{\"@type\":\"BreadcrumbList\",\"@id\":\"https:\/\/particuliers.citemomes.fr\/index.php\/ateliers-du-mercredi\/#breadcrumb\",\"itemListElement\":[{\"@type\":\"ListItem\",\"position\":1,\"name\":\"Accueil\",\"item\":\"https:\/\/particuliers.citemomes.fr\/\"},{\"@type\":\"ListItem\",\"position\":2,\"name\":\"Le mercredi\"}]},{\"@type\":\"WebSite\",\"@id\":\"http:\/\/particuliers.citemomes.fr\/#website\",\"url\":\"http:\/\/particuliers.citemomes.fr\/\",\"name\":\"\",\"description\":\"D\u00e9couvrir, cr\u00e9er, r\u00eaver !\",\"potentialAction\":[{\"@type\":\"SearchAction\",\"target\":{\"@type\":\"EntryPoint\",\"urlTemplate\":\"http:\/\/particuliers.citemomes.fr\/?s={search_term_string}\"},\"query-input\":\"required name=search_term_string\"}],\"inLanguage\":\"fr-FR\"}]}<\/script>\n<!-- \/ Yoast SEO plugin. -->","yoast_head_json":{"title":"Les ateliers cr\u00e9atifs du mercredi - Cit\u00e9m\u00f4mes","description":"Cit\u00e9m\u00f4mes propose des ateliers d\u2019arts-plastiques annuels pour les petits curieux : de la peinture, du dessin, du bricolage et plein d\u2019autres surprises pour passer une super ann\u00e9e cr\u00e9ative !","robots":{"index":"index","follow":"follow","max-snippet":"max-snippet:-1","max-image-preview":"max-image-preview:large","max-video-preview":"max-video-preview:-1"},"canonical":"https:\/\/particuliers.citemomes.fr\/index.php\/ateliers-du-mercredi\/","og_locale":"fr_FR","og_type":"article","og_title":"Les ateliers cr\u00e9atifs du mercredi - Cit\u00e9m\u00f4mes","og_description":"Cit\u00e9m\u00f4mes propose des ateliers d\u2019arts-plastiques annuels pour les petits curieux : de la peinture, du dessin, du bricolage et plein d\u2019autres surprises pour passer une super ann\u00e9e cr\u00e9ative !","og_url":"https:\/\/particuliers.citemomes.fr\/index.php\/ateliers-du-mercredi\/","article_modified_time":"2025-08-28T09:14:54+00:00","og_image":[{"url":"https:\/\/s.w.org\/images\/core\/emoji\/13.1.0\/svg\/267b.svg"}],"twitter_card":"summary_large_image","twitter_misc":{"Dur\u00e9e de lecture estim\u00e9e":"4 minutes"},"schema":{"@context":"https:\/\/schema.org","@graph":[{"@type":"WebPage","@id":"https:\/\/particuliers.citemomes.fr\/index.php\/ateliers-du-mercredi\/","url":"https:\/\/particuliers.citemomes.fr\/index.php\/ateliers-du-mercredi\/","name":"Les ateliers cr\u00e9atifs du mercredi - Cit\u00e9m\u00f4mes","isPartOf":{"@id":"http:\/\/particuliers.citemomes.fr\/#website"},"datePublished":"2021-03-03T15:19:01+00:00","dateModified":"2025-08-28T09:14:54+00:00","description":"Cit\u00e9m\u00f4mes propose des ateliers d\u2019arts-plastiques annuels pour les petits curieux : de la peinture, du dessin, du bricolage et plein d\u2019autres surprises pour passer une super ann\u00e9e cr\u00e9ative !","breadcrumb":{"@id":"https:\/\/particuliers.citemomes.fr\/index.php\/ateliers-du-mercredi\/#breadcrumb"},"inLanguage":"fr-FR","potentialAction":[{"@type":"ReadAction","target":["https:\/\/particuliers.citemomes.fr\/index.php\/ateliers-du-mercredi\/"]}]},{"@type":"BreadcrumbList","@id":"https:\/\/particuliers.citemomes.fr\/index.php\/ateliers-du-mercredi\/#breadcrumb","itemListElement":[{"@type":"ListItem","position":1,"name":"Accueil","item":"https:\/\/particuliers.citemomes.fr\/"},{"@type":"ListItem","position":2,"name":"Le mercredi"}]},{"@type":"WebSite","@id":"http:\/\/particuliers.citemomes.fr\/#website","url":"http:\/\/particuliers.citemomes.fr\/","name":"","description":"D\u00e9couvrir, cr\u00e9er, r\u00eaver !","potentialAction":[{"@type":"SearchAction","target":{"@type":"EntryPoint","urlTemplate":"http:\/\/particuliers.citemomes.fr\/?s={search_term_string}"},"query-input":"required name=search_term_string"}],"inLanguage":"fr-FR"}]}},"_links":{"self":[{"href":"https:\/\/particuliers.citemomes.fr\/index.php\/wp-json\/wp\/v2\/pages\/164"}],"collection":[{"href":"https:\/\/particuliers.citemomes.fr\/index.php\/wp-json\/wp\/v2\/pages"}],"about":[{"href":"https:\/\/particuliers.citemomes.fr\/index.php\/wp-json\/wp\/v2\/types\/page"}],"author":[{"embeddable":true,"href":"https:\/\/particuliers.citemomes.fr\/index.php\/wp-json\/wp\/v2\/users\/1"}],"replies":[{"embeddable":true,"href":"https:\/\/particuliers.citemomes.fr\/index.php\/wp-json\/wp\/v2\/comments?post=164"}],"version-history":[{"count":211,"href":"https:\/\/particuliers.citemomes.fr\/index.php\/wp-json\/wp\/v2\/pages\/164\/revisions"}],"predecessor-version":[{"id":6905,"href":"https:\/\/particuliers.citemomes.fr\/index.php\/wp-json\/wp\/v2\/pages\/164\/revisions\/6905"}],"wp:attachment":[{"href":"https:\/\/particuliers.citemomes.fr\/index.php\/wp-json\/wp\/v2\/media?parent=164"}],"curies":[{"name":"wp","href":"https:\/\/api.w.org\/{rel}","templated":true}]}}