{"id":653,"date":"2017-01-27T17:47:05","date_gmt":"2017-01-27T16:47:05","guid":{"rendered":"http:\/\/citemomes.fr\/?page_id=653"},"modified":"2017-01-27T17:47:05","modified_gmt":"2017-01-27T16:47:05","slug":"le-livre-dor","status":"publish","type":"page","link":"https:\/\/particuliers.citemomes.fr\/index.php\/l-asso\/le-livre-dor\/","title":{"rendered":"Le Livre d&#8217;Or"},"content":{"rendered":"<p>Vous \u00eates venu \u00e0 un atelier ? Vous avez particip\u00e9 \u00e0 un anniversaire ? Vous nous avez rencontr\u00e9 lors de l&#8217;un de nos \u00e9v\u00e9nements ?.. N&#8217;h\u00e9sitez pas \u00e0 nous laisser un petit message sur notre livre d&#8217;or !<\/p>\n<p>[gwolle_gb]<\/p>\n","protected":false},"excerpt":{"rendered":"<p>Vous \u00eates venu \u00e0 un atelier ? Vous avez particip\u00e9 \u00e0 un anniversaire ? Vous nous avez rencontr\u00e9 lors de l&#8217;un de nos \u00e9v\u00e9nements ?.. N&#8217;h\u00e9sitez pas \u00e0 nous laisser un petit message sur notre livre d&#8217;or ! [gwolle_gb]<\/p>\n","protected":false},"author":1,"featured_media":0,"parent":1239,"menu_order":0,"comment_status":"closed","ping_status":"closed","template":"","meta":[],"yoast_head":"<!-- This site is optimized with the Yoast SEO plugin v20.0 - https:\/\/yoast.com\/wordpress\/plugins\/seo\/ -->\n<title>Le Livre d&#039;Or -<\/title>\n<meta name=\"robots\" content=\"index, follow, max-snippet:-1, max-image-preview:large, max-video-preview:-1\" \/>\n<link rel=\"canonical\" href=\"https:\/\/particuliers.citemomes.fr\/index.php\/l-asso\/le-livre-dor\/\" \/>\n<meta property=\"og:locale\" content=\"fr_FR\" \/>\n<meta property=\"og:type\" content=\"article\" \/>\n<meta property=\"og:title\" content=\"Le Livre d&#039;Or -\" \/>\n<meta property=\"og:description\" content=\"Vous \u00eates venu \u00e0 un atelier ? Vous avez particip\u00e9 \u00e0 un anniversaire ? Vous nous avez rencontr\u00e9 lors de l&#8217;un de nos \u00e9v\u00e9nements ?.. N&#8217;h\u00e9sitez pas \u00e0 nous laisser un petit message sur notre livre d&#8217;or ! [gwolle_gb]\" \/>\n<meta property=\"og:url\" content=\"https:\/\/particuliers.citemomes.fr\/index.php\/l-asso\/le-livre-dor\/\" \/>\n<meta name=\"twitter:card\" content=\"summary_large_image\" \/>\n<script type=\"application\/ld+json\" class=\"yoast-schema-graph\">{\"@context\":\"https:\/\/schema.org\",\"@graph\":[{\"@type\":\"WebPage\",\"@id\":\"https:\/\/particuliers.citemomes.fr\/index.php\/l-asso\/le-livre-dor\/\",\"url\":\"https:\/\/particuliers.citemomes.fr\/index.php\/l-asso\/le-livre-dor\/\",\"name\":\"Le Livre d'Or -\",\"isPartOf\":{\"@id\":\"http:\/\/particuliers.citemomes.fr\/#website\"},\"datePublished\":\"2017-01-27T16:47:05+00:00\",\"dateModified\":\"2017-01-27T16:47:05+00:00\",\"breadcrumb\":{\"@id\":\"https:\/\/particuliers.citemomes.fr\/index.php\/l-asso\/le-livre-dor\/#breadcrumb\"},\"inLanguage\":\"fr-FR\",\"potentialAction\":[{\"@type\":\"ReadAction\",\"target\":[\"https:\/\/particuliers.citemomes.fr\/index.php\/l-asso\/le-livre-dor\/\"]}]},{\"@type\":\"BreadcrumbList\",\"@id\":\"https:\/\/particuliers.citemomes.fr\/index.php\/l-asso\/le-livre-dor\/#breadcrumb\",\"itemListElement\":[{\"@type\":\"ListItem\",\"position\":1,\"name\":\"Accueil\",\"item\":\"https:\/\/particuliers.citemomes.fr\/\"},{\"@type\":\"ListItem\",\"position\":2,\"name\":\"L&#8217;asso\",\"item\":\"https:\/\/particuliers.citemomes.fr\/?page_id=1239\"},{\"@type\":\"ListItem\",\"position\":3,\"name\":\"Le Livre d&#8217;Or\"}]},{\"@type\":\"WebSite\",\"@id\":\"http:\/\/particuliers.citemomes.fr\/#website\",\"url\":\"http:\/\/particuliers.citemomes.fr\/\",\"name\":\"\",\"description\":\"D\u00e9couvrir, cr\u00e9er, r\u00eaver !\",\"potentialAction\":[{\"@type\":\"SearchAction\",\"target\":{\"@type\":\"EntryPoint\",\"urlTemplate\":\"http:\/\/particuliers.citemomes.fr\/?s={search_term_string}\"},\"query-input\":\"required name=search_term_string\"}],\"inLanguage\":\"fr-FR\"}]}<\/script>\n<!-- \/ Yoast SEO plugin. -->","yoast_head_json":{"title":"Le Livre d'Or -","robots":{"index":"index","follow":"follow","max-snippet":"max-snippet:-1","max-image-preview":"max-image-preview:large","max-video-preview":"max-video-preview:-1"},"canonical":"https:\/\/particuliers.citemomes.fr\/index.php\/l-asso\/le-livre-dor\/","og_locale":"fr_FR","og_type":"article","og_title":"Le Livre d'Or -","og_description":"Vous \u00eates venu \u00e0 un atelier ? Vous avez particip\u00e9 \u00e0 un anniversaire ? Vous nous avez rencontr\u00e9 lors de l&#8217;un de nos \u00e9v\u00e9nements ?.. N&#8217;h\u00e9sitez pas \u00e0 nous laisser un petit message sur notre livre d&#8217;or ! [gwolle_gb]","og_url":"https:\/\/particuliers.citemomes.fr\/index.php\/l-asso\/le-livre-dor\/","twitter_card":"summary_large_image","schema":{"@context":"https:\/\/schema.org","@graph":[{"@type":"WebPage","@id":"https:\/\/particuliers.citemomes.fr\/index.php\/l-asso\/le-livre-dor\/","url":"https:\/\/particuliers.citemomes.fr\/index.php\/l-asso\/le-livre-dor\/","name":"Le Livre d'Or -","isPartOf":{"@id":"http:\/\/particuliers.citemomes.fr\/#website"},"datePublished":"2017-01-27T16:47:05+00:00","dateModified":"2017-01-27T16:47:05+00:00","breadcrumb":{"@id":"https:\/\/particuliers.citemomes.fr\/index.php\/l-asso\/le-livre-dor\/#breadcrumb"},"inLanguage":"fr-FR","potentialAction":[{"@type":"ReadAction","target":["https:\/\/particuliers.citemomes.fr\/index.php\/l-asso\/le-livre-dor\/"]}]},{"@type":"BreadcrumbList","@id":"https:\/\/particuliers.citemomes.fr\/index.php\/l-asso\/le-livre-dor\/#breadcrumb","itemListElement":[{"@type":"ListItem","position":1,"name":"Accueil","item":"https:\/\/particuliers.citemomes.fr\/"},{"@type":"ListItem","position":2,"name":"L&#8217;asso","item":"https:\/\/particuliers.citemomes.fr\/?page_id=1239"},{"@type":"ListItem","position":3,"name":"Le Livre d&#8217;Or"}]},{"@type":"WebSite","@id":"http:\/\/particuliers.citemomes.fr\/#website","url":"http:\/\/particuliers.citemomes.fr\/","name":"","description":"D\u00e9couvrir, cr\u00e9er, r\u00eaver !","potentialAction":[{"@type":"SearchAction","target":{"@type":"EntryPoint","urlTemplate":"http:\/\/particuliers.citemomes.fr\/?s={search_term_string}"},"query-input":"required name=search_term_string"}],"inLanguage":"fr-FR"}]}},"_links":{"self":[{"href":"https:\/\/particuliers.citemomes.fr\/index.php\/wp-json\/wp\/v2\/pages\/653"}],"collection":[{"href":"https:\/\/particuliers.citemomes.fr\/index.php\/wp-json\/wp\/v2\/pages"}],"about":[{"href":"https:\/\/particuliers.citemomes.fr\/index.php\/wp-json\/wp\/v2\/types\/page"}],"author":[{"embeddable":true,"href":"https:\/\/particuliers.citemomes.fr\/index.php\/wp-json\/wp\/v2\/users\/1"}],"replies":[{"embeddable":true,"href":"https:\/\/particuliers.citemomes.fr\/index.php\/wp-json\/wp\/v2\/comments?post=653"}],"version-history":[{"count":0,"href":"https:\/\/particuliers.citemomes.fr\/index.php\/wp-json\/wp\/v2\/pages\/653\/revisions"}],"up":[{"embeddable":true,"href":"https:\/\/particuliers.citemomes.fr\/index.php\/wp-json\/wp\/v2\/pages\/1239"}],"wp:attachment":[{"href":"https:\/\/particuliers.citemomes.fr\/index.php\/wp-json\/wp\/v2\/media?parent=653"}],"curies":[{"name":"wp","href":"https:\/\/api.w.org\/{rel}","templated":true}]}}