{"id":806,"date":"2017-04-03T15:45:37","date_gmt":"2017-04-03T14:45:37","guid":{"rendered":"http:\/\/citemomes.fr\/?page_id=806"},"modified":"2022-05-10T14:27:47","modified_gmt":"2022-05-10T12:27:47","slug":"les-partenaires-citemomes","status":"publish","type":"page","link":"https:\/\/particuliers.citemomes.fr\/index.php\/l-asso\/les-partenaires-citemomes\/","title":{"rendered":"Les partenaires"},"content":{"rendered":"\t\t<div data-elementor-type=\"wp-page\" data-elementor-id=\"806\" class=\"elementor elementor-806\">\n\t\t\t\t\t\t<section class=\"elementor-section elementor-top-section elementor-element elementor-element-22513770 elementor-hidden-desktop elementor-section-boxed elementor-section-height-default elementor-section-height-default\" data-id=\"22513770\" data-element_type=\"section\">\n\t\t\t\t\t\t<div class=\"elementor-container elementor-column-gap-default\">\n\t\t\t\t\t<div class=\"elementor-column elementor-col-100 elementor-top-column elementor-element elementor-element-2e092974\" data-id=\"2e092974\" data-element_type=\"column\">\n\t\t\t<div class=\"elementor-widget-wrap elementor-element-populated\">\n\t\t\t\t\t\t<div class=\"elementor-element elementor-element-5c8de442 elementor-widget elementor-widget-text-editor\" data-id=\"5c8de442\" data-element_type=\"widget\" data-widget_type=\"text-editor.default\">\n\t\t\t\t<div class=\"elementor-widget-container\">\n\t\t\t\t\t\t\t<p style=\"text-align: center;\"><span style=\"color: #000000;\">Depuis sa cr\u00e9ation, <em><strong>Cit\u00e9m\u00f4mes<\/strong><\/em> a d\u00e9velopp\u00e9 de nombreux partenariats et travaille en \u00e9troite collaboration avec des structures diverses afin de mener \u00e0 bien l\u2019ensemble de ses projets.<\/span><\/p><p><img decoding=\"async\" class=\"aligncenter\" src=\"http:\/\/citemomes.fr\/wp-content\/uploads\/2016\/01\/logo-quadri-departement76-e1491574799143-220x300.jpg\" alt=\"Le d\u00e9partement de Seine-Maritime\" width=\"53\" height=\"72\" \/>\u00a0\u00a0 <img decoding=\"async\" class=\"wp-image-70 aligncenter\" src=\"http:\/\/citemomes.fr\/wp-content\/uploads\/2016\/01\/logominstere-234x300.png\" alt=\"Minist\u00e8re de la ville de la jeunnesse et des sports\" width=\"54\" height=\"69\" \/>\u00a0 \u00a0<img decoding=\"async\" class=\"aligncenter\" src=\"http:\/\/citemomes.fr\/wp-content\/uploads\/2016\/01\/enjoy_actu-e1491574764372-300x143.jpg\" alt=\"Enjoy Rouen Normandie\" width=\"126\" height=\"60\" \/><\/p><p style=\"text-align: center;\"><span style=\"color: #000000;\"><em><strong>Cit\u00e9m\u00f4mes<\/strong><\/em> est recommand\u00e9 par le portail normand\u00a0<a style=\"color: #000000;\" href=\"http:\/\/www.grainedeviking.fr\">Graine de Viking<\/a>.<\/span><\/p><p style=\"text-align: center;\"><img loading=\"lazy\" decoding=\"async\" class=\"aligncenter\" src=\"http:\/\/citemomes.fr\/wp-content\/uploads\/2016\/01\/recommande-par-gdv.jpg\" alt=\"Graine de Viking\" width=\"111\" height=\"110\" \/><\/p>\t\t\t\t\t\t<\/div>\n\t\t\t\t<\/div>\n\t\t\t\t\t<\/div>\n\t\t<\/div>\n\t\t\t\t\t<\/div>\n\t\t<\/section>\n\t\t\t\t<section class=\"elementor-section elementor-top-section elementor-element elementor-element-6419e07 elementor-hidden-phone elementor-section-boxed elementor-section-height-default elementor-section-height-default\" data-id=\"6419e07\" data-element_type=\"section\">\n\t\t\t\t\t\t<div class=\"elementor-container elementor-column-gap-default\">\n\t\t\t\t\t<div class=\"elementor-column elementor-col-100 elementor-top-column elementor-element elementor-element-54ea8ed\" data-id=\"54ea8ed\" data-element_type=\"column\">\n\t\t\t<div class=\"elementor-widget-wrap elementor-element-populated\">\n\t\t\t\t\t\t<div class=\"elementor-element elementor-element-29e3aa8 elementor-widget elementor-widget-text-editor\" data-id=\"29e3aa8\" data-element_type=\"widget\" data-widget_type=\"text-editor.default\">\n\t\t\t\t<div class=\"elementor-widget-container\">\n\t\t\t\t\t\t\t<p style=\"text-align: center;\"><span style=\"color: #000000;\">Depuis sa cr\u00e9ation, <em><strong>Cit\u00e9m\u00f4mes<\/strong><\/em> a d\u00e9velopp\u00e9 de nombreux partenariats et travaille en \u00e9troite collaboration avec diverses structures afin de mener \u00e0 bien l\u2019ensemble de ses projets :<\/span><\/p>\n<p>&nbsp;<\/p>\t\t\t\t\t\t<\/div>\n\t\t\t\t<\/div>\n\t\t\t\t\t<\/div>\n\t\t<\/div>\n\t\t\t\t\t<\/div>\n\t\t<\/section>\n\t\t\t\t<section class=\"elementor-section elementor-top-section elementor-element elementor-element-0c79012 elementor-section-boxed elementor-section-height-default elementor-section-height-default\" data-id=\"0c79012\" data-element_type=\"section\">\n\t\t\t\t\t\t<div class=\"elementor-container elementor-column-gap-default\">\n\t\t\t\t\t<div class=\"elementor-column elementor-col-100 elementor-top-column elementor-element elementor-element-a31dd00\" data-id=\"a31dd00\" data-element_type=\"column\">\n\t\t\t<div class=\"elementor-widget-wrap elementor-element-populated\">\n\t\t\t\t\t\t<div class=\"elementor-element elementor-element-0e5a55d elementor-widget elementor-widget-image\" data-id=\"0e5a55d\" data-element_type=\"widget\" data-widget_type=\"image.default\">\n\t\t\t\t<div class=\"elementor-widget-container\">\n\t\t\t\t\t\t\t\t\t\t\t\t\t<img loading=\"lazy\" decoding=\"async\" width=\"825\" height=\"330\" src=\"https:\/\/particuliers.citemomes.fr\/wp-content\/uploads\/2021\/10\/Capture-de\u0301cran-2021-10-26-a\u0300-09.55.50-1024x410.png\" class=\"attachment-large size-large wp-image-4132\" alt=\"\" srcset=\"https:\/\/particuliers.citemomes.fr\/wp-content\/uploads\/2021\/10\/Capture-de\u0301cran-2021-10-26-a\u0300-09.55.50-1024x410.png 1024w, https:\/\/particuliers.citemomes.fr\/wp-content\/uploads\/2021\/10\/Capture-de\u0301cran-2021-10-26-a\u0300-09.55.50-300x120.png 300w, https:\/\/particuliers.citemomes.fr\/wp-content\/uploads\/2021\/10\/Capture-de\u0301cran-2021-10-26-a\u0300-09.55.50-768x307.png 768w, https:\/\/particuliers.citemomes.fr\/wp-content\/uploads\/2021\/10\/Capture-de\u0301cran-2021-10-26-a\u0300-09.55.50-1536x615.png 1536w, https:\/\/particuliers.citemomes.fr\/wp-content\/uploads\/2021\/10\/Capture-de\u0301cran-2021-10-26-a\u0300-09.55.50-2048x820.png 2048w\" sizes=\"(max-width: 825px) 100vw, 825px\" \/>\t\t\t\t\t\t\t\t\t\t\t\t\t<\/div>\n\t\t\t\t<\/div>\n\t\t\t\t\t<\/div>\n\t\t<\/div>\n\t\t\t\t\t<\/div>\n\t\t<\/section>\n\t\t\t\t<section class=\"elementor-section elementor-top-section elementor-element elementor-element-1001a4f elementor-section-boxed elementor-section-height-default elementor-section-height-default\" data-id=\"1001a4f\" data-element_type=\"section\">\n\t\t\t\t\t\t<div class=\"elementor-container elementor-column-gap-default\">\n\t\t\t\t\t<div class=\"elementor-column elementor-col-100 elementor-top-column elementor-element elementor-element-2c6a7ed\" data-id=\"2c6a7ed\" data-element_type=\"column\">\n\t\t\t<div class=\"elementor-widget-wrap elementor-element-populated\">\n\t\t\t\t\t\t<div class=\"elementor-element elementor-element-c6cdd71 elementor-widget elementor-widget-image\" data-id=\"c6cdd71\" data-element_type=\"widget\" data-widget_type=\"image.default\">\n\t\t\t\t<div class=\"elementor-widget-container\">\n\t\t\t\t\t\t\t\t\t\t\t\t\t<img decoding=\"async\" src=\"https:\/\/particuliers.citemomes.fr\/wp-content\/uploads\/elementor\/thumbs\/logo__cd_76_coul-pob954ki9xa50tlhxd8brcapbbcdvvi5h3y35lyr8c.jpg\" title=\"logo__cd_76_coul\" alt=\"logo__cd_76_coul\" loading=\"lazy\" \/>\t\t\t\t\t\t\t\t\t\t\t\t\t<\/div>\n\t\t\t\t<\/div>\n\t\t\t\t\t<\/div>\n\t\t<\/div>\n\t\t\t\t\t<\/div>\n\t\t<\/section>\n\t\t\t\t<section class=\"elementor-section elementor-top-section elementor-element elementor-element-fb7456b elementor-section-boxed elementor-section-height-default elementor-section-height-default\" data-id=\"fb7456b\" data-element_type=\"section\">\n\t\t\t\t\t\t<div class=\"elementor-container elementor-column-gap-default\">\n\t\t\t\t\t<div class=\"elementor-column elementor-col-100 elementor-top-column elementor-element elementor-element-86fe983\" data-id=\"86fe983\" data-element_type=\"column\">\n\t\t\t<div class=\"elementor-widget-wrap elementor-element-populated\">\n\t\t\t\t\t\t<div class=\"elementor-element elementor-element-79ac260 elementor-widget elementor-widget-text-editor\" data-id=\"79ac260\" data-element_type=\"widget\" data-widget_type=\"text-editor.default\">\n\t\t\t\t<div class=\"elementor-widget-container\">\n\t\t\t\t\t\t\t<p>oooooooooohttps:\/\/www.linkedin.com\/in\/louise-durville-75ba29207\/<\/p>\t\t\t\t\t\t<\/div>\n\t\t\t\t<\/div>\n\t\t\t\t\t<\/div>\n\t\t<\/div>\n\t\t\t\t\t<\/div>\n\t\t<\/section>\n\t\t\t\t<section class=\"elementor-section elementor-top-section elementor-element elementor-element-456fd12 elementor-section-boxed elementor-section-height-default elementor-section-height-default\" data-id=\"456fd12\" data-element_type=\"section\">\n\t\t\t\t\t\t<div class=\"elementor-container elementor-column-gap-default\">\n\t\t\t\t\t<div class=\"elementor-column elementor-col-100 elementor-top-column elementor-element elementor-element-42ac167\" data-id=\"42ac167\" data-element_type=\"column\">\n\t\t\t<div class=\"elementor-widget-wrap elementor-element-populated\">\n\t\t\t\t\t\t<div class=\"elementor-element elementor-element-4b19469 elementor-widget elementor-widget-text-editor\" data-id=\"4b19469\" data-element_type=\"widget\" data-widget_type=\"text-editor.default\">\n\t\t\t\t<div class=\"elementor-widget-container\">\n\t\t\t\t\t\t\t<p><b>Merci \u00e0 eux pour leur soutien !<\/b> <img decoding=\"async\" class=\"emoji\" role=\"img\" draggable=\"false\" src=\"https:\/\/s.w.org\/images\/core\/emoji\/13.1.0\/svg\/2764.svg\" alt=\"\u2764\ufe0f\" \/><\/p>\t\t\t\t\t\t<\/div>\n\t\t\t\t<\/div>\n\t\t\t\t\t<\/div>\n\t\t<\/div>\n\t\t\t\t\t<\/div>\n\t\t<\/section>\n\t\t\t\t<section class=\"elementor-section elementor-top-section elementor-element elementor-element-e35dfb3 elementor-section-boxed elementor-section-height-default elementor-section-height-default\" data-id=\"e35dfb3\" data-element_type=\"section\">\n\t\t\t\t\t\t<div class=\"elementor-container elementor-column-gap-default\">\n\t\t\t\t\t<div class=\"elementor-column elementor-col-100 elementor-top-column elementor-element elementor-element-4a82a88\" data-id=\"4a82a88\" data-element_type=\"column\">\n\t\t\t<div class=\"elementor-widget-wrap elementor-element-populated\">\n\t\t\t\t\t\t<div class=\"elementor-element elementor-element-d99308e elementor-widget elementor-widget-text-editor\" data-id=\"d99308e\" data-element_type=\"widget\" data-widget_type=\"text-editor.default\">\n\t\t\t\t<div class=\"elementor-widget-container\">\n\t\t\t\t\t\t\t<p>iiiii<\/p>\t\t\t\t\t\t<\/div>\n\t\t\t\t<\/div>\n\t\t\t\t\t<\/div>\n\t\t<\/div>\n\t\t\t\t\t<\/div>\n\t\t<\/section>\n\t\t\t\t<\/div>\n\t\t","protected":false},"excerpt":{"rendered":"<p>Depuis sa cr\u00e9ation, Cit\u00e9m\u00f4mes a d\u00e9velopp\u00e9 de nombreux partenariats et travaille en \u00e9troite collaboration avec des structures diverses afin de mener \u00e0 bien l\u2019ensemble de ses projets. \u00a0\u00a0 \u00a0 \u00a0 Cit\u00e9m\u00f4mes est recommand\u00e9 par le portail normand\u00a0Graine de Viking. Depuis sa cr\u00e9ation, Cit\u00e9m\u00f4mes a d\u00e9velopp\u00e9 de nombreux partenariats et travaille en \u00e9troite collaboration avec diverses&hellip; <a href=\"https:\/\/particuliers.citemomes.fr\/index.php\/l-asso\/les-partenaires-citemomes\/\" class=\"more-link\">Lire la suite <span class=\"screen-reader-text\">Les partenaires<\/span><\/a><\/p>\n","protected":false},"author":1,"featured_media":0,"parent":1239,"menu_order":0,"comment_status":"closed","ping_status":"closed","template":"elementor_header_footer","meta":[],"yoast_head":"<!-- This site is optimized with the Yoast SEO plugin v20.0 - https:\/\/yoast.com\/wordpress\/plugins\/seo\/ -->\n<title>Cit\u00e9m\u00f4mes - Les partenaires<\/title>\n<meta name=\"description\" content=\"Depuis sa cr\u00e9ation, Cit\u00e9m\u00f4mes a d\u00e9velopp\u00e9 de nombreux partenariats et travaille en \u00e9troite collaboration avec diverses structures afin de mener \u00e0 bien l\u2019ensemble de ses projets.\" \/>\n<meta name=\"robots\" content=\"index, follow, max-snippet:-1, max-image-preview:large, max-video-preview:-1\" \/>\n<link rel=\"canonical\" href=\"https:\/\/particuliers.citemomes.fr\/index.php\/l-asso\/les-partenaires-citemomes\/\" \/>\n<meta property=\"og:locale\" content=\"fr_FR\" \/>\n<meta property=\"og:type\" content=\"article\" \/>\n<meta property=\"og:title\" content=\"Cit\u00e9m\u00f4mes - Les partenaires\" \/>\n<meta property=\"og:description\" content=\"Depuis sa cr\u00e9ation, Cit\u00e9m\u00f4mes a d\u00e9velopp\u00e9 de nombreux partenariats et travaille en \u00e9troite collaboration avec diverses structures afin de mener \u00e0 bien l\u2019ensemble de ses projets.\" \/>\n<meta property=\"og:url\" content=\"https:\/\/particuliers.citemomes.fr\/index.php\/l-asso\/les-partenaires-citemomes\/\" \/>\n<meta property=\"article:modified_time\" content=\"2022-05-10T12:27:47+00:00\" \/>\n<meta property=\"og:image\" content=\"http:\/\/citemomes.fr\/wp-content\/uploads\/2016\/01\/logo-quadri-departement76-e1491574799143-220x300.jpg\" \/>\n<meta name=\"twitter:card\" content=\"summary_large_image\" \/>\n<meta name=\"twitter:label1\" content=\"Dur\u00e9e de lecture estim\u00e9e\" \/>\n\t<meta name=\"twitter:data1\" content=\"2 minutes\" \/>\n<script type=\"application\/ld+json\" class=\"yoast-schema-graph\">{\"@context\":\"https:\/\/schema.org\",\"@graph\":[{\"@type\":\"WebPage\",\"@id\":\"https:\/\/particuliers.citemomes.fr\/index.php\/l-asso\/les-partenaires-citemomes\/\",\"url\":\"https:\/\/particuliers.citemomes.fr\/index.php\/l-asso\/les-partenaires-citemomes\/\",\"name\":\"Cit\u00e9m\u00f4mes - Les partenaires\",\"isPartOf\":{\"@id\":\"http:\/\/particuliers.citemomes.fr\/#website\"},\"datePublished\":\"2017-04-03T14:45:37+00:00\",\"dateModified\":\"2022-05-10T12:27:47+00:00\",\"description\":\"Depuis sa cr\u00e9ation, Cit\u00e9m\u00f4mes a d\u00e9velopp\u00e9 de nombreux partenariats et travaille en \u00e9troite collaboration avec diverses structures afin de mener \u00e0 bien l\u2019ensemble de ses projets.\",\"breadcrumb\":{\"@id\":\"https:\/\/particuliers.citemomes.fr\/index.php\/l-asso\/les-partenaires-citemomes\/#breadcrumb\"},\"inLanguage\":\"fr-FR\",\"potentialAction\":[{\"@type\":\"ReadAction\",\"target\":[\"https:\/\/particuliers.citemomes.fr\/index.php\/l-asso\/les-partenaires-citemomes\/\"]}]},{\"@type\":\"BreadcrumbList\",\"@id\":\"https:\/\/particuliers.citemomes.fr\/index.php\/l-asso\/les-partenaires-citemomes\/#breadcrumb\",\"itemListElement\":[{\"@type\":\"ListItem\",\"position\":1,\"name\":\"Accueil\",\"item\":\"https:\/\/particuliers.citemomes.fr\/\"},{\"@type\":\"ListItem\",\"position\":2,\"name\":\"L&#8217;asso\",\"item\":\"https:\/\/particuliers.citemomes.fr\/?page_id=1239\"},{\"@type\":\"ListItem\",\"position\":3,\"name\":\"Les partenaires\"}]},{\"@type\":\"WebSite\",\"@id\":\"http:\/\/particuliers.citemomes.fr\/#website\",\"url\":\"http:\/\/particuliers.citemomes.fr\/\",\"name\":\"\",\"description\":\"D\u00e9couvrir, cr\u00e9er, r\u00eaver !\",\"potentialAction\":[{\"@type\":\"SearchAction\",\"target\":{\"@type\":\"EntryPoint\",\"urlTemplate\":\"http:\/\/particuliers.citemomes.fr\/?s={search_term_string}\"},\"query-input\":\"required name=search_term_string\"}],\"inLanguage\":\"fr-FR\"}]}<\/script>\n<!-- \/ Yoast SEO plugin. -->","yoast_head_json":{"title":"Cit\u00e9m\u00f4mes - Les partenaires","description":"Depuis sa cr\u00e9ation, Cit\u00e9m\u00f4mes a d\u00e9velopp\u00e9 de nombreux partenariats et travaille en \u00e9troite collaboration avec diverses structures afin de mener \u00e0 bien l\u2019ensemble de ses projets.","robots":{"index":"index","follow":"follow","max-snippet":"max-snippet:-1","max-image-preview":"max-image-preview:large","max-video-preview":"max-video-preview:-1"},"canonical":"https:\/\/particuliers.citemomes.fr\/index.php\/l-asso\/les-partenaires-citemomes\/","og_locale":"fr_FR","og_type":"article","og_title":"Cit\u00e9m\u00f4mes - Les partenaires","og_description":"Depuis sa cr\u00e9ation, Cit\u00e9m\u00f4mes a d\u00e9velopp\u00e9 de nombreux partenariats et travaille en \u00e9troite collaboration avec diverses structures afin de mener \u00e0 bien l\u2019ensemble de ses projets.","og_url":"https:\/\/particuliers.citemomes.fr\/index.php\/l-asso\/les-partenaires-citemomes\/","article_modified_time":"2022-05-10T12:27:47+00:00","og_image":[{"url":"http:\/\/citemomes.fr\/wp-content\/uploads\/2016\/01\/logo-quadri-departement76-e1491574799143-220x300.jpg"}],"twitter_card":"summary_large_image","twitter_misc":{"Dur\u00e9e de lecture estim\u00e9e":"2 minutes"},"schema":{"@context":"https:\/\/schema.org","@graph":[{"@type":"WebPage","@id":"https:\/\/particuliers.citemomes.fr\/index.php\/l-asso\/les-partenaires-citemomes\/","url":"https:\/\/particuliers.citemomes.fr\/index.php\/l-asso\/les-partenaires-citemomes\/","name":"Cit\u00e9m\u00f4mes - Les partenaires","isPartOf":{"@id":"http:\/\/particuliers.citemomes.fr\/#website"},"datePublished":"2017-04-03T14:45:37+00:00","dateModified":"2022-05-10T12:27:47+00:00","description":"Depuis sa cr\u00e9ation, Cit\u00e9m\u00f4mes a d\u00e9velopp\u00e9 de nombreux partenariats et travaille en \u00e9troite collaboration avec diverses structures afin de mener \u00e0 bien l\u2019ensemble de ses projets.","breadcrumb":{"@id":"https:\/\/particuliers.citemomes.fr\/index.php\/l-asso\/les-partenaires-citemomes\/#breadcrumb"},"inLanguage":"fr-FR","potentialAction":[{"@type":"ReadAction","target":["https:\/\/particuliers.citemomes.fr\/index.php\/l-asso\/les-partenaires-citemomes\/"]}]},{"@type":"BreadcrumbList","@id":"https:\/\/particuliers.citemomes.fr\/index.php\/l-asso\/les-partenaires-citemomes\/#breadcrumb","itemListElement":[{"@type":"ListItem","position":1,"name":"Accueil","item":"https:\/\/particuliers.citemomes.fr\/"},{"@type":"ListItem","position":2,"name":"L&#8217;asso","item":"https:\/\/particuliers.citemomes.fr\/?page_id=1239"},{"@type":"ListItem","position":3,"name":"Les partenaires"}]},{"@type":"WebSite","@id":"http:\/\/particuliers.citemomes.fr\/#website","url":"http:\/\/particuliers.citemomes.fr\/","name":"","description":"D\u00e9couvrir, cr\u00e9er, r\u00eaver !","potentialAction":[{"@type":"SearchAction","target":{"@type":"EntryPoint","urlTemplate":"http:\/\/particuliers.citemomes.fr\/?s={search_term_string}"},"query-input":"required name=search_term_string"}],"inLanguage":"fr-FR"}]}},"_links":{"self":[{"href":"https:\/\/particuliers.citemomes.fr\/index.php\/wp-json\/wp\/v2\/pages\/806"}],"collection":[{"href":"https:\/\/particuliers.citemomes.fr\/index.php\/wp-json\/wp\/v2\/pages"}],"about":[{"href":"https:\/\/particuliers.citemomes.fr\/index.php\/wp-json\/wp\/v2\/types\/page"}],"author":[{"embeddable":true,"href":"https:\/\/particuliers.citemomes.fr\/index.php\/wp-json\/wp\/v2\/users\/1"}],"replies":[{"embeddable":true,"href":"https:\/\/particuliers.citemomes.fr\/index.php\/wp-json\/wp\/v2\/comments?post=806"}],"version-history":[{"count":50,"href":"https:\/\/particuliers.citemomes.fr\/index.php\/wp-json\/wp\/v2\/pages\/806\/revisions"}],"predecessor-version":[{"id":4791,"href":"https:\/\/particuliers.citemomes.fr\/index.php\/wp-json\/wp\/v2\/pages\/806\/revisions\/4791"}],"up":[{"embeddable":true,"href":"https:\/\/particuliers.citemomes.fr\/index.php\/wp-json\/wp\/v2\/pages\/1239"}],"wp:attachment":[{"href":"https:\/\/particuliers.citemomes.fr\/index.php\/wp-json\/wp\/v2\/media?parent=806"}],"curies":[{"name":"wp","href":"https:\/\/api.w.org\/{rel}","templated":true}]}}